{"id":16344,"date":"2024-05-31T09:32:06","date_gmt":"2024-05-31T09:32:06","guid":{"rendered":"https:\/\/kubabayi.com\/?post_type=product&#038;p=16344"},"modified":"2024-05-31T09:48:43","modified_gmt":"2024-05-31T09:48:43","slug":"rks-srk250-250-cc-naked-motosiklet","status":"publish","type":"product","link":"https:\/\/kubabayi.com\/index.php\/urun\/rks-srk250-250-cc-naked-motosiklet\/","title":{"rendered":"Rks SRK250 250 cc Naked Motosiklet"},"content":{"rendered":"\t\t<div data-elementor-type=\"wp-post\" data-elementor-id=\"16344\" class=\"elementor elementor-16344\">\n\t\t\t\t<div class=\"elementor-element elementor-element-d9616f5 e-flex e-con-boxed wd-section-disabled e-con e-parent\" data-id=\"d9616f5\" data-element_type=\"container\">\n\t\t\t\t\t<div class=\"e-con-inner\">\n\t\t\t\t<div class=\"elementor-element elementor-element-fa30d9d elementor-widget elementor-widget-heading\" data-id=\"fa30d9d\" data-element_type=\"widget\" data-widget_type=\"heading.default\">\n\t\t\t\t<div class=\"elementor-widget-container\">\n\t\t\t\t\t<h1 class=\"elementor-heading-title elementor-size-default\"><center>Rks SRK250 250 cc Naked Motosiklet<\/h1>\t\t\t\t<\/div>\n\t\t\t\t<\/div>\n\t\t\t\t\t<\/div>\n\t\t\t\t<\/div>\n\t\t<div class=\"elementor-element elementor-element-591e5fb e-flex e-con-boxed wd-section-disabled e-con e-parent\" data-id=\"591e5fb\" data-element_type=\"container\">\n\t\t\t\t\t<div class=\"e-con-inner\">\n\t\t\t\t<div class=\"elementor-element elementor-element-e542a44 elementor-widget elementor-widget-wd_text_block\" data-id=\"e542a44\" data-element_type=\"widget\" data-widget_type=\"wd_text_block.default\">\n\t\t\t\t<div class=\"elementor-widget-container\">\n\t\t\t\t\t\t\t<div class=\"wd-text-block reset-last-child text-left\">\n\t\t\t\n\t\t\t<div style=\"text-align: center;\"><h2><strong>RKS SRK250: Bir Motosiklet Maceras\u0131<\/strong><\/h2><p>G\u00fcne\u015fin ilk \u0131\u015f\u0131klar\u0131yla birlikte, RKS SRK250\u2019nin krom kaplamal\u0131 egzozu hafif\u00e7e homurdan\u0131r. Bu motosiklet, asfalt\u0131n \u00f6zg\u00fcrl\u00fc\u011f\u00fcne d\u00f6n\u00fc\u015ft\u00fc\u011f\u00fc an\u0131 bekler. Sessizce bekleyen bir kurt gibi, g\u00fcc\u00fcn\u00fc hissettirir. \u0130\u015fte RKS SRK250\u2019nin hikayesi:<\/p><hr \/><h3><strong>Sessiz Gecelerin Kral\u0131: RKS SRK250<\/strong><\/h3><p>Bir zamanlar, gri bir garaj\u0131n k\u00f6\u015fesinde, pasl\u0131 zincirleriyle bekleyen bir motosiklet vard\u0131. Ad\u0131 RKS SRK250 idi. Onun krom kaplamal\u0131 egzozu, gece y\u0131ld\u0131zlar\u0131na yank\u0131lanan bir \u015fark\u0131 gibiydi. G\u00f6zleri, y\u0131ld\u0131zlar\u0131n \u0131\u015f\u0131\u011f\u0131nda parlayan bir kurtun g\u00f6zleri gibiydi.<\/p><p>R\u00fczgar\u0131n \u015fehir sokaklar\u0131n\u0131 dola\u015ft\u0131\u011f\u0131 bir gecede, RKS SRK250 sessizce uyan\u0131r. Motorunun kalbi, h\u0131zla atmaya ba\u015flar. \u0130lk vitesi takar ve yola \u00e7\u0131kar. Asfalt\u0131n alt\u0131ndaki titre\u015fimleri hissederken, \u00f6zg\u00fcrl\u00fc\u011f\u00fcn tad\u0131n\u0131 \u00e7\u0131kar\u0131r.<\/p><h3><strong>RKS SRK250\u2019nin \u00d6zellikleri:<\/strong><\/h3><ul><li><strong>G\u00fc\u00e7l\u00fc Motor:<\/strong>\u00a0249 cc\u2019lik \u00e7ift silindirli motor, her an\u0131 dolu dolu ya\u015fat\u0131r.<\/li><li><strong>G\u00f6sterge Paneli:<\/strong>\u00a0LCD ekran, h\u0131z\u0131, devri ve yolculu\u011funuzu takip eder.<\/li><li><strong>Fren Sistemi:<\/strong>\u00a0300 mm \u00f6n disk fren, g\u00fcvenli duru\u015flar sa\u011flar.<\/li><li><strong>Lastikler:<\/strong>\u00a0CST marka lastikler, her zeminde yol tutu\u015fu garanti eder.<\/li><li><strong>Boyutlar:<\/strong>\u00a02080 mm uzunlu\u011funda, 820 mm geni\u015fli\u011finde ve 1100 mm y\u00fcksekli\u011findedir.<\/li><\/ul><p>RKS SRK250, sadece bir motosiklet de\u011fil, bir ya\u015fam tarz\u0131d\u0131r. Onunla her an\u0131 payla\u015fmak, r\u00fczgar\u0131n \u00f6zg\u00fcrl\u00fc\u011f\u00fcn\u00fc hissetmek gibidir. \u015eehir sokaklar\u0131nda dans ederken, y\u0131ld\u0131zlarla konu\u015fur ve geceye bir par\u00e7a sihir katar.<\/p><p>E\u011fer sen de RKS SRK250\u2019nin bu e\u015fsiz d\u00fcnyas\u0131na kat\u0131lmak istersen, krom kaplamal\u0131 egzozunun homurdan\u0131\u015f\u0131n\u0131 dinle ve yola \u00e7\u0131k. Belki de bu gece, RKS SRK250 ile birlikte y\u0131ld\u0131zlara dokunabilirsin. \ud83c\udf1f\ud83c\udfcd\ufe0f<\/p><\/div>\n\t\t\t\t\t<\/div>\n\t\t\t\t\t\t<\/div>\n\t\t\t\t<\/div>\n\t\t\t\t<div class=\"elementor-element elementor-element-8cd147c elementor-widget elementor-widget-wd_image_or_svg\" data-id=\"8cd147c\" data-element_type=\"widget\" data-widget_type=\"wd_image_or_svg.default\">\n\t\t\t\t<div class=\"elementor-widget-container\">\n\t\t\t\t\t\n\t\t<div class=\"wd-image text-left\">\n\t\t\t\t\t\t\t\t<img fetchpriority=\"high\" decoding=\"async\" width=\"2000\" height=\"1262\" src=\"https:\/\/kubabayi.com\/wp-content\/themes\/woodmart\/images\/lazy.png\" class=\"attachment-full size-full wd-lazy-load wd-lazy-fade\" alt=\"\" srcset=\"\" sizes=\"(max-width: 2000px) 100vw, 2000px\" data-wood-src=\"https:\/\/kubabayi.com\/wp-content\/uploads\/2024\/05\/srk250-20240112-061600-1.png\" data-srcset=\"https:\/\/kubabayi.com\/wp-content\/uploads\/2024\/05\/srk250-20240112-061600-1.png 2000w, https:\/\/kubabayi.com\/wp-content\/uploads\/2024\/05\/srk250-20240112-061600-1-400x252.png 400w, https:\/\/kubabayi.com\/wp-content\/uploads\/2024\/05\/srk250-20240112-061600-1-1268x800.png 1268w, https:\/\/kubabayi.com\/wp-content\/uploads\/2024\/05\/srk250-20240112-061600-1-768x485.png 768w, https:\/\/kubabayi.com\/wp-content\/uploads\/2024\/05\/srk250-20240112-061600-1-1536x969.png 1536w, https:\/\/kubabayi.com\/wp-content\/uploads\/2024\/05\/srk250-20240112-061600-1-860x543.png 860w, https:\/\/kubabayi.com\/wp-content\/uploads\/2024\/05\/srk250-20240112-061600-1-430x271.png 430w, https:\/\/kubabayi.com\/wp-content\/uploads\/2024\/05\/srk250-20240112-061600-1-700x442.png 700w, https:\/\/kubabayi.com\/wp-content\/uploads\/2024\/05\/srk250-20240112-061600-1-150x95.png 150w\" \/>\t\t\t\t\t<\/div>\n\n\t\t\t\t\t\t<\/div>\n\t\t\t\t<\/div>\n\t\t\t\t<div class=\"elementor-element elementor-element-e691e6f elementor-widget elementor-widget-wd_text_block\" data-id=\"e691e6f\" data-element_type=\"widget\" data-widget_type=\"wd_text_block.default\">\n\t\t\t\t<div class=\"elementor-widget-container\">\n\t\t\t\t\t\t\t<div class=\"wd-text-block reset-last-child text-left\">\n\t\t\t\n\t\t\t<CENTER><h2 class=\"turntable__background-title\"><a class=\"btn btn--style-a turntable__details-btn--secondary\" style=\"font-size: 16px;\" href=\"https:\/\/www.rksmotor.com.tr\/pdf\/rz150.pdf\" target=\"_blank\" rel=\"noopener\" data-country-market=\"tr-TR\" data-bike-name=\"CHIA125\" data-bike-genre=\"CHIA125\">MODEL KATALO\u011eU<\/a><a class=\"btn btn--style-a turntable__details-btn--secondary\" style=\"font-size: 16px;\" href=\"https:\/\/drive.google.com\/file\/d\/1jJKYZ9q_w2X9CPsqys71dAKobUQir2Lw\/view?usp=sharing\" target=\"_blank\" rel=\"noopener\" data-country-market=\"tr-TR\" data-bike-name=\"CHIA125\" data-bike-genre=\"CHIA125\">KULLANIM KILAVUZU<\/a><\/h2>\n<h2 class=\"turntable__background-title\"><\/h2>\n\t\t\t\t\t<\/div>\n\t\t\t\t\t\t<\/div>\n\t\t\t\t<\/div>\n\t\t\t\t\t<\/div>\n\t\t\t\t<\/div>\n\t\t<div class=\"elementor-element elementor-element-0da11ab e-grid e-con-boxed wd-section-disabled e-con e-parent\" data-id=\"0da11ab\" data-element_type=\"container\">\n\t\t\t\t\t<div class=\"e-con-inner\">\n\t\t\t\t<div class=\"elementor-element elementor-element-2a4446b elementor-widget elementor-widget-wd_text_block\" data-id=\"2a4446b\" data-element_type=\"widget\" data-widget_type=\"wd_text_block.default\">\n\t\t\t\t<div class=\"elementor-widget-container\">\n\t\t\t\t\t\t\t<div class=\"wd-text-block reset-last-child text-left\">\n\t\t\t\n\t\t\t<div class=\"vc_row wpb_row vc_row-fluid vc_row-o-content-middle vc_row-flex\" data-vc-full-width=\"true\" data-vc-full-width-init=\"true\"><div class=\"wpb_column vc_column_container vc_col-sm-12 vc_col-has-fill\"><div class=\"vc_column-inner vc_custom_1659445298240\"><div class=\"wpb_wrapper\"><div class=\"mkdf-section-title-holder mkdf-st-split mkdf-has-appear-animation mkdf-item-appear\"><div class=\"mkdf-st-inner\"><div class=\"vc_row wpb_row vc_row-fluid vc_row-o-content-middle vc_row-flex\" data-vc-full-width=\"true\" data-vc-full-width-init=\"true\"><div class=\"wpb_column vc_column_container vc_col-sm-12 vc_col-has-fill\"><div class=\"vc_column-inner vc_custom_1659445298240\"><div class=\"wpb_wrapper\"><div class=\"mkdf-section-title-holder mkdf-st-split mkdf-has-appear-animation mkdf-item-appear\"><div class=\"mkdf-st-inner\"><div class=\"wpb_column vc_column_container vc_col-sm-6\"><div class=\"vc_column-inner\"><div class=\"wpb_wrapper\"><div class=\"mkdf-elements-holder mkdf-one-column mkdf-responsive-mode-768 \"><div class=\"mkdf-eh-item \" data-item-class=\"mkdf-eh-custom-1948\" data-1400-1600=\"10px 50px 10px 250px\" data-1025-1399=\"10px 50px 10px 150px\" data-681-768=\"5px 10px 5px 10px\" data-680=\"5px 5px 5px 5px\"><div class=\"mkdf-eh-item-inner\"><div class=\"mkdf-eh-item-content mkdf-eh-custom-1948\"><div class=\"wpb_text_column wpb_content_element \"><div class=\"wpb_wrapper\"><div class=\"vc_row wpb_row vc_row-fluid vc_row-o-content-middle vc_row-flex\" data-vc-full-width=\"true\" data-vc-full-width-init=\"true\"><div class=\"wpb_column vc_column_container vc_col-sm-12 vc_col-has-fill\"><div class=\"vc_column-inner vc_custom_1659445298240\"><div class=\"wpb_wrapper\"><div class=\"mkdf-section-title-holder mkdf-st-split mkdf-has-appear-animation mkdf-item-appear\"><div class=\"mkdf-st-inner\"><h2 class=\"mkdf-st-title\"><span class=\"mkdf-sts-title-text\">TEKN\u0130K \u00d6ZELL\u0130KLER<\/span><\/h2><\/div><\/div><div class=\"vc_empty_space\">\u00a0<\/div><\/div><\/div><\/div><\/div><div class=\"vc_row-full-width vc_clearfix\">\u00a0<\/div><div class=\"wpb_column vc_column_container vc_col-sm-6\"><div class=\"vc_column-inner\"><div class=\"wpb_wrapper\"><div class=\"mkdf-elements-holder mkdf-one-column mkdf-responsive-mode-768 \"><div class=\"mkdf-eh-item \" data-item-class=\"mkdf-eh-custom-1948\" data-1400-1600=\"10px 50px 10px 250px\" data-1025-1399=\"10px 50px 10px 150px\" data-681-768=\"5px 10px 5px 10px\" data-680=\"5px 5px 5px 5px\"><div class=\"mkdf-eh-item-inner\"><div class=\"mkdf-eh-item-content mkdf-eh-custom-1948\"><div class=\"wpb_text_column wpb_content_element \"><div class=\"wpb_wrapper\"><div class=\"wpb_column vc_column_container vc_col-sm-6\"><div class=\"vc_column-inner\"><div class=\"wpb_wrapper\"><div class=\"mkdf-elements-holder mkdf-one-column mkdf-responsive-mode-768 \"><div class=\"mkdf-eh-item \" data-item-class=\"mkdf-eh-custom-1948\" data-1400-1600=\"10px 50px 10px 250px\" data-1025-1399=\"10px 50px 10px 150px\" data-681-768=\"5px 10px 5px 10px\" data-680=\"5px 5px 5px 5px\"><div class=\"mkdf-eh-item-inner\"><div class=\"mkdf-eh-item-content mkdf-eh-custom-1948\"><div class=\"wpb_text_column wpb_content_element \"><div class=\"wpb_wrapper\"><div class=\"wpb_column vc_column_container vc_col-sm-6\"><div class=\"vc_column-inner\"><div class=\"wpb_wrapper\"><div class=\"mkdf-elements-holder mkdf-one-column mkdf-responsive-mode-768 \"><div class=\"mkdf-eh-item \" data-item-class=\"mkdf-eh-custom-1948\" data-1400-1600=\"10px 50px 10px 250px\" data-1025-1399=\"10px 50px 10px 150px\" data-681-768=\"5px 10px 5px 10px\" data-680=\"5px 5px 5px 5px\"><div class=\"mkdf-eh-item-inner\"><div class=\"mkdf-eh-item-content mkdf-eh-custom-1948\"><div class=\"wpb_text_column wpb_content_element \"><div class=\"wpb_wrapper\"><div class=\"wpb_column vc_column_container vc_col-sm-6\"><div class=\"vc_column-inner\"><div class=\"wpb_wrapper\"><div class=\"mkdf-elements-holder mkdf-one-column mkdf-responsive-mode-768 \"><div class=\"mkdf-eh-item \" data-item-class=\"mkdf-eh-custom-1948\" data-1400-1600=\"10px 50px 10px 250px\" data-1025-1399=\"10px 50px 10px 150px\" data-681-768=\"5px 10px 5px 10px\" data-680=\"5px 5px 5px 5px\"><div class=\"mkdf-eh-item-inner\"><div class=\"mkdf-eh-item-content mkdf-eh-custom-1948\"><div class=\"wpb_text_column wpb_content_element \"><div class=\"wpb_wrapper\"><p><strong>Silindir Hacmi:<\/strong>\u00a0249cc<\/p><p><strong>Motor Tipi:<\/strong>\u00a04 Zamanl\u0131, \u00c7ift Silindir<\/p><p><strong>\u015eanz\u0131man:<\/strong>\u00a06 Vites<\/p><p><strong>Maksimum G\u00fc\u00e7:<\/strong>\u00a031.50 HP @12000rpm<\/p><p><strong>Maksimum Tork:<\/strong>\u00a021.20 Nm @9000rpm<\/p><p><strong>Yak\u0131t Tipi:<\/strong>\u00a0Benzin<\/p><p><strong>So\u011futma:<\/strong>\u00a0S\u0131v\u0131 So\u011futmal\u0131<\/p><p><strong>\u00d6n \/ Arka Fren:<\/strong>\u00a0300 Disk\/240 Disk(ABS)<\/p><p><strong>\u00d6n Lastik:<\/strong>\u00a0100\/70 R17 (CST)<\/p><\/div><\/div><\/div><\/div><\/div><\/div><\/div><\/div><\/div><\/div><\/div><\/div><\/div><\/div><\/div><\/div><\/div><\/div><\/div><\/div><\/div><\/div><\/div><\/div><\/div><\/div><\/div><\/div><\/div><\/div><\/div><\/div><\/div><\/div><\/div><\/div><\/div><\/div><\/div><\/div><\/div><\/div><\/div><\/div><\/div><\/div><\/div><\/div><\/div><\/div><\/div><\/div><\/div><\/div><\/div><\/div><\/div>\n\t\t\t\t\t<\/div>\n\t\t\t\t\t\t<\/div>\n\t\t\t\t<\/div>\n\t\t\t\t<div class=\"elementor-element elementor-element-a8852cc elementor-widget elementor-widget-wd_text_block\" data-id=\"a8852cc\" data-element_type=\"widget\" data-widget_type=\"wd_text_block.default\">\n\t\t\t\t<div class=\"elementor-widget-container\">\n\t\t\t\t\t\t\t<div class=\"wd-text-block reset-last-child text-left\">\n\t\t\t\n\t\t\t<div class=\"wpb_column vc_column_container vc_col-sm-6\"><div class=\"vc_column-inner\"><div class=\"wpb_wrapper\"><div class=\"mkdf-elements-holder mkdf-one-column mkdf-responsive-mode-768 \"><div class=\"mkdf-eh-item \" data-item-class=\"mkdf-eh-custom-1948\" data-1400-1600=\"10px 50px 10px 250px\" data-1025-1399=\"10px 50px 10px 150px\" data-681-768=\"5px 10px 5px 10px\" data-680=\"5px 5px 5px 5px\"><div class=\"mkdf-eh-item-inner\"><div class=\"mkdf-eh-item-content mkdf-eh-custom-1948\"><div class=\"wpb_text_column wpb_content_element \"><div class=\"wpb_wrapper\"><div class=\"vc_row wpb_row vc_row-fluid vc_row-o-content-middle vc_row-flex\" data-vc-full-width=\"true\" data-vc-full-width-init=\"true\"><div class=\"wpb_column vc_column_container vc_col-sm-12 vc_col-has-fill\"><div class=\"vc_column-inner vc_custom_1659445298240\"><div class=\"wpb_wrapper\"><div class=\"mkdf-section-title-holder mkdf-st-split mkdf-has-appear-animation mkdf-item-appear\"><div class=\"mkdf-st-inner\"><h2 class=\"mkdf-st-title\"><span class=\"mkdf-sts-title-text\">TEKN\u0130K \u00d6ZELL\u0130KLER<\/span><\/h2><\/div><\/div><div class=\"vc_empty_space\">\u00a0<\/div><\/div><\/div><\/div><\/div><div class=\"vc_row-full-width vc_clearfix\">\u00a0<\/div><div class=\"wpb_column vc_column_container vc_col-sm-6\"><div class=\"vc_column-inner\"><div class=\"wpb_wrapper\"><div class=\"mkdf-elements-holder mkdf-one-column mkdf-responsive-mode-768 \"><div class=\"mkdf-eh-item \" data-item-class=\"mkdf-eh-custom-1948\" data-1400-1600=\"10px 50px 10px 250px\" data-1025-1399=\"10px 50px 10px 150px\" data-681-768=\"5px 10px 5px 10px\" data-680=\"5px 5px 5px 5px\"><div class=\"mkdf-eh-item-inner\"><div class=\"mkdf-eh-item-content mkdf-eh-custom-1948\"><div class=\"wpb_text_column wpb_content_element \"><div class=\"wpb_wrapper\"><div class=\"wpb_column vc_column_container vc_col-sm-6\"><div class=\"vc_column-inner\"><div class=\"wpb_wrapper\"><div class=\"mkdf-elements-holder mkdf-one-column mkdf-responsive-mode-768 \"><div class=\"mkdf-eh-item \" data-item-class=\"mkdf-eh-custom-1948\" data-1400-1600=\"10px 50px 10px 250px\" data-1025-1399=\"10px 50px 10px 150px\" data-681-768=\"5px 10px 5px 10px\" data-680=\"5px 5px 5px 5px\"><div class=\"mkdf-eh-item-inner\"><div class=\"mkdf-eh-item-content mkdf-eh-custom-1948\"><div class=\"wpb_text_column wpb_content_element \"><div class=\"wpb_wrapper\"><p><strong>Arka Lastik:<\/strong>\u00a0150\/60 ZR17 (CST)<\/p><p><strong>Uzunluk:<\/strong>\u00a02080 mm.<\/p><p><strong>Geni\u015flik:<\/strong>\u00a0820 mm.<\/p><p><strong>Y\u00fckseklik:<\/strong>\u00a01100 mm.<\/p><p><strong>Dingil Mesafesi:<\/strong>\u00a01425 mm.<\/p><p><strong>Sele Y\u00fcksekli\u011fi:<\/strong>\u00a0785 mm.<\/p><p><strong>Yerden Y\u00fckseklik:<\/strong>\u00a0150 mm.<\/p><p><strong>Net A\u011f\u0131rl\u0131k:<\/strong>\u00a0186 kg.<\/p><p><strong>Yak\u0131t Tank\u0131 Kapasitesi:<\/strong>\u00a013.5 lt.<\/p><\/div><\/div><\/div><\/div><\/div><\/div><\/div><\/div><\/div><\/div><\/div><\/div><\/div><\/div><\/div><\/div><\/div><\/div><\/div><\/div><\/div><\/div><\/div><\/div><\/div><\/div><\/div>\n\t\t\t\t\t<\/div>\n\t\t\t\t\t\t<\/div>\n\t\t\t\t<\/div>\n\t\t\t\t\t<\/div>\n\t\t\t\t<\/div>\n\t\t<div class=\"elementor-element elementor-element-fb208d2 e-flex e-con-boxed wd-section-disabled e-con e-parent\" data-id=\"fb208d2\" data-element_type=\"container\">\n\t\t\t\t\t<div class=\"e-con-inner\">\n\t\t\t\t<div class=\"elementor-element elementor-element-49a9183 elementor-widget elementor-widget-wd_images_gallery\" data-id=\"49a9183\" data-element_type=\"widget\" data-widget_type=\"wd_images_gallery.default\">\n\t\t\t\t<div class=\"elementor-widget-container\">\n\t\t\t\t\t\t\t<div class=\"wd-images-gallery wd-justify-center wd-items-middle view-grid photoswipe-images\" >\n\t\t\t<div class=\"gallery-images row wd-spacing-0\">\n\t\t\t\t\t\t\t\t\t\t\t\t\t\t<div class=\"wd-gallery-item  col-lg-4 col-md-4 col-12\">\n\t\t\t\t\t\t\t\t\t\t\t\t\t<a href=\"https:\/\/kubabayi.com\/wp-content\/uploads\/2024\/05\/srk250-20240113-101916-2.png\" data-width=\"1024\" data-height=\"1024\" data-index=\"1\" data-elementor-open-lightbox=\"no\">\n\t\t\t\t\t\t\n\t\t\t\t\t\t<img decoding=\"async\" class=\"wd-lazy-load wd-lazy-fade\" src=\"https:\/\/kubabayi.com\/wp-content\/themes\/woodmart\/images\/lazy.png\" data-wood-src=\"https:\/\/kubabayi.com\/wp-content\/uploads\/2024\/05\/srk250-20240113-101916-2-800x800.png\"alt=\"srk250-20240113-101916-2\">\n\t\t\t\t\t\t\t\t\t\t\t\t\t<\/a>\n\t\t\t\t\t\t\t\t\t\t\t<\/div>\n\t\t\t\t\t\t\t\t\t\t\t\t\t\t\t<div class=\"wd-gallery-item  col-lg-4 col-md-4 col-12\">\n\t\t\t\t\t\t\t\t\t\t\t\t\t<a href=\"https:\/\/kubabayi.com\/wp-content\/uploads\/2024\/05\/srk250-20240113-101915-1.png\" data-width=\"1024\" data-height=\"1024\" data-index=\"2\" data-elementor-open-lightbox=\"no\">\n\t\t\t\t\t\t\n\t\t\t\t\t\t<img decoding=\"async\" class=\"wd-lazy-load wd-lazy-fade\" src=\"https:\/\/kubabayi.com\/wp-content\/themes\/woodmart\/images\/lazy.png\" data-wood-src=\"https:\/\/kubabayi.com\/wp-content\/uploads\/2024\/05\/srk250-20240113-101915-1-800x800.png\"alt=\"srk250-20240113-101915-1\">\n\t\t\t\t\t\t\t\t\t\t\t\t\t<\/a>\n\t\t\t\t\t\t\t\t\t\t\t<\/div>\n\t\t\t\t\t\t\t\t\t\t\t\t\t\t\t<div class=\"wd-gallery-item  col-lg-4 col-md-4 col-12\">\n\t\t\t\t\t\t\t\t\t\t\t\t\t<a href=\"https:\/\/kubabayi.com\/wp-content\/uploads\/2024\/05\/srk250-20240113-101916-3.png\" data-width=\"1024\" data-height=\"1024\" data-index=\"3\" data-elementor-open-lightbox=\"no\">\n\t\t\t\t\t\t\n\t\t\t\t\t\t<img decoding=\"async\" class=\"wd-lazy-load wd-lazy-fade\" src=\"https:\/\/kubabayi.com\/wp-content\/themes\/woodmart\/images\/lazy.png\" data-wood-src=\"https:\/\/kubabayi.com\/wp-content\/uploads\/2024\/05\/srk250-20240113-101916-3-800x800.png\"alt=\"srk250-20240113-101916-3\">\n\t\t\t\t\t\t\t\t\t\t\t\t\t<\/a>\n\t\t\t\t\t\t\t\t\t\t\t<\/div>\n\t\t\t\t\t\t\t\t<\/div>\n\t\t<\/div>\n\t\t\t\t\t\t<\/div>\n\t\t\t\t<\/div>\n\t\t\t\t\t<\/div>\n\t\t\t\t<\/div>\n\t\t\t\t<\/div>\n\t\t","protected":false},"excerpt":{"rendered":"<p>Bir zamanlar, gri bir garaj\u0131n k\u00f6\u015fesinde, pasl\u0131 zincirleriyle bekleyen bir motosiklet vard\u0131. Ad\u0131 RKS SRK250 idi. Onun krom kaplamal\u0131 egzozu, gece y\u0131ld\u0131zlar\u0131na yank\u0131lanan bir \u015fark\u0131 gibiydi. G\u00f6zleri, y\u0131ld\u0131zlar\u0131n \u0131\u015f\u0131\u011f\u0131nda parlayan bir kurtun g\u00f6zleri gibiydi.<\/p>\n","protected":false},"featured_media":16351,"comment_status":"open","ping_status":"closed","template":"","meta":[],"product_brand":[],"product_cat":[72],"product_tag":[182,194,178,179,177,180,176,190,189,172,175,195,174],"class_list":{"0":"post-16344","1":"product","2":"type-product","3":"status-publish","4":"has-post-thumbnail","6":"product_cat-touringnaked","7":"product_tag-250-cc","8":"product_tag-250-cc-naked","9":"product_tag-abs-fren-sistemi","10":"product_tag-cift-silindir-gucu","11":"product_tag-dijital-gosterge-paneli","12":"product_tag-euro5-standartlari","13":"product_tag-led-aydinlatma","14":"product_tag-naked-motor","15":"product_tag-naked-motosiklet","16":"product_tag-racing-motosiklet","17":"product_tag-sivi-sogutmali-motor","18":"product_tag-srk250","19":"product_tag-yuksek-performans","21":"first","22":"outofstock","23":"shipping-taxable","24":"purchasable","25":"product-type-variable"},"_links":{"self":[{"href":"https:\/\/kubabayi.com\/index.php\/wp-json\/wp\/v2\/product\/16344","targetHints":{"allow":["GET"]}}],"collection":[{"href":"https:\/\/kubabayi.com\/index.php\/wp-json\/wp\/v2\/product"}],"about":[{"href":"https:\/\/kubabayi.com\/index.php\/wp-json\/wp\/v2\/types\/product"}],"replies":[{"embeddable":true,"href":"https:\/\/kubabayi.com\/index.php\/wp-json\/wp\/v2\/comments?post=16344"}],"version-history":[{"count":5,"href":"https:\/\/kubabayi.com\/index.php\/wp-json\/wp\/v2\/product\/16344\/revisions"}],"predecessor-version":[{"id":16360,"href":"https:\/\/kubabayi.com\/index.php\/wp-json\/wp\/v2\/product\/16344\/revisions\/16360"}],"wp:featuredmedia":[{"embeddable":true,"href":"https:\/\/kubabayi.com\/index.php\/wp-json\/wp\/v2\/media\/16351"}],"wp:attachment":[{"href":"https:\/\/kubabayi.com\/index.php\/wp-json\/wp\/v2\/media?parent=16344"}],"wp:term":[{"taxonomy":"product_brand","embeddable":true,"href":"https:\/\/kubabayi.com\/index.php\/wp-json\/wp\/v2\/product_brand?post=16344"},{"taxonomy":"product_cat","embeddable":true,"href":"https:\/\/kubabayi.com\/index.php\/wp-json\/wp\/v2\/product_cat?post=16344"},{"taxonomy":"product_tag","embeddable":true,"href":"https:\/\/kubabayi.com\/index.php\/wp-json\/wp\/v2\/product_tag?post=16344"}],"curies":[{"name":"wp","href":"https:\/\/api.w.org\/{rel}","templated":true}]}}