{"id":16258,"date":"2024-05-23T12:00:40","date_gmt":"2024-05-23T12:00:40","guid":{"rendered":"https:\/\/kubabayi.com\/?post_type=product&#038;p=16258"},"modified":"2024-05-23T12:09:26","modified_gmt":"2024-05-23T12:09:26","slug":"rks-rz125-125-cc-naked-motosiklet","status":"publish","type":"product","link":"https:\/\/kubabayi.com\/index.php\/urun\/rks-rz125-125-cc-naked-motosiklet\/","title":{"rendered":"Rks RZ125 125 cc Naked Motosiklet"},"content":{"rendered":"\t\t<div data-elementor-type=\"wp-post\" data-elementor-id=\"16258\" class=\"elementor elementor-16258\">\n\t\t\t\t<div class=\"elementor-element elementor-element-d9616f5 e-flex e-con-boxed wd-section-disabled e-con e-parent\" data-id=\"d9616f5\" data-element_type=\"container\">\n\t\t\t\t\t<div class=\"e-con-inner\">\n\t\t\t\t<div class=\"elementor-element elementor-element-fa30d9d elementor-widget elementor-widget-heading\" data-id=\"fa30d9d\" data-element_type=\"widget\" data-widget_type=\"heading.default\">\n\t\t\t\t<div class=\"elementor-widget-container\">\n\t\t\t\t\t<h1 class=\"elementor-heading-title elementor-size-default\"><center>Rks RZ125 125 cc Naked Motosiklet\n<\/h1>\t\t\t\t<\/div>\n\t\t\t\t<\/div>\n\t\t\t\t\t<\/div>\n\t\t\t\t<\/div>\n\t\t<div class=\"elementor-element elementor-element-591e5fb e-flex e-con-boxed wd-section-disabled e-con e-parent\" data-id=\"591e5fb\" data-element_type=\"container\">\n\t\t\t\t\t<div class=\"e-con-inner\">\n\t\t\t\t<div class=\"elementor-element elementor-element-e542a44 elementor-widget elementor-widget-wd_text_block\" data-id=\"e542a44\" data-element_type=\"widget\" data-widget_type=\"wd_text_block.default\">\n\t\t\t\t<div class=\"elementor-widget-container\">\n\t\t\t\t\t\t\t<div class=\"wd-text-block reset-last-child text-left\">\n\t\t\t\n\t\t\t<div style=\"text-align: center;\"><h2>RKS RZ125 125cc Motosiklet Tan\u0131t\u0131m Yaz\u0131s\u0131<\/h2><p>RKS RZ125, \u015fehir i\u00e7i kullan\u0131m i\u00e7in tasarlanm\u0131\u015f, pratik ve \u015f\u0131k bir 125cc motosiklettir. Tek silindirli, hava so\u011futmal\u0131 motoru, yeterli g\u00fc\u00e7 ve tork \u00fcreterek dinamik bir s\u00fcr\u00fc\u015f sa\u011flar. 5 vitesli \u015fanz\u0131man\u0131 sayesinde, h\u0131zlanma ve vites ge\u00e7i\u015fleri olduk\u00e7a ak\u0131c\u0131d\u0131r.<\/p><p>Modern tasar\u0131m\u0131, LED ayd\u0131nlatma ve dijital g\u00f6sterge paneli ile tamamlanm\u0131\u015ft\u0131r. G\u00fcvenlik a\u00e7\u0131s\u0131ndan, RZ125 \u00f6n ve arka disk fren sistemleri ile donat\u0131lm\u0131\u015ft\u0131r ve g\u00fcvenilir bir frenleme sa\u011flar.<\/p><p>Konforlu s\u00fcr\u00fc\u015f deneyimi sunan RZ125, ergonomik sele ve s\u00fcspansiyon sistemi ile uzun yolculuklarda bile rahatl\u0131k sa\u011flar. Hem yeni ba\u015flayanlar hem de deneyimli s\u00fcr\u00fcc\u00fcler i\u00e7in idealdir. Ayr\u0131ca, Euro5 standartlar\u0131na uygun olarak \u00fcretilmi\u015ftir, bu da \u00e7evre dostu bir s\u00fcr\u00fc\u015f sa\u011flar.<\/p><p>RKS RZ125, hem yeni ba\u015flayanlar hem de deneyimli s\u00fcr\u00fcc\u00fcler i\u00e7in ideal bir se\u00e7imdir. Y\u00fcksek performans, \u015f\u0131k tasar\u0131m ve geli\u015fmi\u015f g\u00fcvenlik \u00f6zellikleri ile \u015fehir i\u00e7i s\u00fcr\u00fc\u015flerde \u00fcst\u00fcn bir deneyim sunar.<\/p><p>Detayl\u0131 bilgi ve teknik \u00f6zellikler i\u00e7in <a href=\"https:\/\/www.rksmotor.com.tr\/model\/rz125.html\" target=\"_blank\" rel=\"noopener\">RKS RZ125<\/a> sayfas\u0131n\u0131 ziyaret edebilirsiniz.<\/p><\/div>\n\t\t\t\t\t<\/div>\n\t\t\t\t\t\t<\/div>\n\t\t\t\t<\/div>\n\t\t\t\t<div class=\"elementor-element elementor-element-8cd147c elementor-widget elementor-widget-wd_image_or_svg\" data-id=\"8cd147c\" data-element_type=\"widget\" data-widget_type=\"wd_image_or_svg.default\">\n\t\t\t\t<div class=\"elementor-widget-container\">\n\t\t\t\t\t\n\t\t<div class=\"wd-image text-left\">\n\t\t\t\t\t\t\t\t<img fetchpriority=\"high\" decoding=\"async\" width=\"2000\" height=\"1262\" src=\"https:\/\/kubabayi.com\/wp-content\/themes\/woodmart\/images\/lazy.png\" class=\"attachment-full size-full wd-lazy-load wd-lazy-fade\" alt=\"\" srcset=\"\" sizes=\"(max-width: 2000px) 100vw, 2000px\" data-wood-src=\"https:\/\/kubabayi.com\/wp-content\/uploads\/2024\/05\/rz125-20240130-082002-1.png\" data-srcset=\"https:\/\/kubabayi.com\/wp-content\/uploads\/2024\/05\/rz125-20240130-082002-1.png 2000w, https:\/\/kubabayi.com\/wp-content\/uploads\/2024\/05\/rz125-20240130-082002-1-400x252.png 400w, https:\/\/kubabayi.com\/wp-content\/uploads\/2024\/05\/rz125-20240130-082002-1-1268x800.png 1268w, https:\/\/kubabayi.com\/wp-content\/uploads\/2024\/05\/rz125-20240130-082002-1-768x485.png 768w, https:\/\/kubabayi.com\/wp-content\/uploads\/2024\/05\/rz125-20240130-082002-1-1536x969.png 1536w, https:\/\/kubabayi.com\/wp-content\/uploads\/2024\/05\/rz125-20240130-082002-1-860x543.png 860w, https:\/\/kubabayi.com\/wp-content\/uploads\/2024\/05\/rz125-20240130-082002-1-430x271.png 430w, https:\/\/kubabayi.com\/wp-content\/uploads\/2024\/05\/rz125-20240130-082002-1-700x442.png 700w, https:\/\/kubabayi.com\/wp-content\/uploads\/2024\/05\/rz125-20240130-082002-1-150x95.png 150w\" \/>\t\t\t\t\t<\/div>\n\n\t\t\t\t\t\t<\/div>\n\t\t\t\t<\/div>\n\t\t\t\t<div class=\"elementor-element elementor-element-e691e6f elementor-widget elementor-widget-wd_text_block\" data-id=\"e691e6f\" data-element_type=\"widget\" data-widget_type=\"wd_text_block.default\">\n\t\t\t\t<div class=\"elementor-widget-container\">\n\t\t\t\t\t\t\t<div class=\"wd-text-block reset-last-child text-left\">\n\t\t\t\n\t\t\t<center>\n<h2 class=\"turntable__background-title\"><a class=\"btn btn--style-a turntable__details-btn--secondary\" style=\"font-size: 16px;\" href=\"https:\/\/www.rksmotor.com.tr\/pdf\/rz125.pdf\" target=\"_blank\" rel=\"noopener\" data-country-market=\"tr-TR\" data-bike-name=\"CHIA125\" data-bike-genre=\"CHIA125\">MODEL KATALO\u011eU<\/a><a class=\"btn btn--style-a turntable__details-btn--secondary\" style=\"font-size: 16px;\" href=\"https:\/\/drive.google.com\/file\/d\/1jJKYZ9q_w2X9CPsqys71dAKobUQir2Lw\/view?usp=sharing\" target=\"_blank\" rel=\"noopener\" data-country-market=\"tr-TR\" data-bike-name=\"CHIA125\" data-bike-genre=\"CHIA125\">KULLANIM KILAVUZU<\/a><\/h2>\n<h2 class=\"turntable__background-title\"><\/h2>\n\t\t\t\t\t<\/div>\n\t\t\t\t\t\t<\/div>\n\t\t\t\t<\/div>\n\t\t\t\t\t<\/div>\n\t\t\t\t<\/div>\n\t\t<div class=\"elementor-element elementor-element-0da11ab e-grid e-con-boxed wd-section-disabled e-con e-parent\" data-id=\"0da11ab\" data-element_type=\"container\">\n\t\t\t\t\t<div class=\"e-con-inner\">\n\t\t\t\t<div class=\"elementor-element elementor-element-2a4446b elementor-widget elementor-widget-wd_text_block\" data-id=\"2a4446b\" data-element_type=\"widget\" data-widget_type=\"wd_text_block.default\">\n\t\t\t\t<div class=\"elementor-widget-container\">\n\t\t\t\t\t\t\t<div class=\"wd-text-block reset-last-child text-left\">\n\t\t\t\n\t\t\t<div class=\"vc_row wpb_row vc_row-fluid vc_row-o-content-middle vc_row-flex\" data-vc-full-width=\"true\" data-vc-full-width-init=\"true\"><div class=\"wpb_column vc_column_container vc_col-sm-12 vc_col-has-fill\"><div class=\"vc_column-inner vc_custom_1659445298240\"><div class=\"wpb_wrapper\"><div class=\"mkdf-section-title-holder mkdf-st-split mkdf-has-appear-animation mkdf-item-appear\"><div class=\"mkdf-st-inner\"><div class=\"vc_row wpb_row vc_row-fluid vc_row-o-content-middle vc_row-flex\" data-vc-full-width=\"true\" data-vc-full-width-init=\"true\"><div class=\"wpb_column vc_column_container vc_col-sm-12 vc_col-has-fill\"><div class=\"vc_column-inner vc_custom_1659445298240\"><div class=\"wpb_wrapper\"><div class=\"mkdf-section-title-holder mkdf-st-split mkdf-has-appear-animation mkdf-item-appear\"><div class=\"mkdf-st-inner\"><div class=\"wpb_column vc_column_container vc_col-sm-6\"><div class=\"vc_column-inner\"><div class=\"wpb_wrapper\"><div class=\"mkdf-elements-holder mkdf-one-column mkdf-responsive-mode-768 \"><div class=\"mkdf-eh-item \" data-item-class=\"mkdf-eh-custom-1948\" data-1400-1600=\"10px 50px 10px 250px\" data-1025-1399=\"10px 50px 10px 150px\" data-681-768=\"5px 10px 5px 10px\" data-680=\"5px 5px 5px 5px\"><div class=\"mkdf-eh-item-inner\"><div class=\"mkdf-eh-item-content mkdf-eh-custom-1948\"><div class=\"wpb_text_column wpb_content_element \"><div class=\"wpb_wrapper\"><div class=\"vc_row wpb_row vc_row-fluid vc_row-o-content-middle vc_row-flex\" data-vc-full-width=\"true\" data-vc-full-width-init=\"true\"><div class=\"wpb_column vc_column_container vc_col-sm-12 vc_col-has-fill\"><div class=\"vc_column-inner vc_custom_1659445298240\"><div class=\"wpb_wrapper\"><div class=\"mkdf-section-title-holder mkdf-st-split mkdf-has-appear-animation mkdf-item-appear\"><div class=\"mkdf-st-inner\"><h2 class=\"mkdf-st-title\"><span class=\"mkdf-sts-title-text\">TEKN\u0130K \u00d6ZELL\u0130KLER<\/span><\/h2><\/div><\/div><div class=\"vc_empty_space\">\u00a0<\/div><\/div><\/div><\/div><\/div><div class=\"vc_row-full-width vc_clearfix\">\u00a0<\/div><div class=\"wpb_column vc_column_container vc_col-sm-6\"><div class=\"vc_column-inner\"><div class=\"wpb_wrapper\"><div class=\"mkdf-elements-holder mkdf-one-column mkdf-responsive-mode-768 \"><div class=\"mkdf-eh-item \" data-item-class=\"mkdf-eh-custom-1948\" data-1400-1600=\"10px 50px 10px 250px\" data-1025-1399=\"10px 50px 10px 150px\" data-681-768=\"5px 10px 5px 10px\" data-680=\"5px 5px 5px 5px\"><div class=\"mkdf-eh-item-inner\"><div class=\"mkdf-eh-item-content mkdf-eh-custom-1948\"><div class=\"wpb_text_column wpb_content_element \"><div class=\"wpb_wrapper\"><div class=\"wpb_column vc_column_container vc_col-sm-6\"><div class=\"vc_column-inner\"><div class=\"wpb_wrapper\"><div class=\"mkdf-elements-holder mkdf-one-column mkdf-responsive-mode-768 \"><div class=\"mkdf-eh-item \" data-item-class=\"mkdf-eh-custom-1948\" data-1400-1600=\"10px 50px 10px 250px\" data-1025-1399=\"10px 50px 10px 150px\" data-681-768=\"5px 10px 5px 10px\" data-680=\"5px 5px 5px 5px\"><div class=\"mkdf-eh-item-inner\"><div class=\"mkdf-eh-item-content mkdf-eh-custom-1948\"><div class=\"wpb_text_column wpb_content_element \"><div class=\"wpb_wrapper\"><div class=\"wpb_column vc_column_container vc_col-sm-6\"><div class=\"vc_column-inner\"><div class=\"wpb_wrapper\"><div class=\"mkdf-elements-holder mkdf-one-column mkdf-responsive-mode-768 \"><div class=\"mkdf-eh-item \" data-item-class=\"mkdf-eh-custom-1948\" data-1400-1600=\"10px 50px 10px 250px\" data-1025-1399=\"10px 50px 10px 150px\" data-681-768=\"5px 10px 5px 10px\" data-680=\"5px 5px 5px 5px\"><div class=\"mkdf-eh-item-inner\"><div class=\"mkdf-eh-item-content mkdf-eh-custom-1948\"><div class=\"wpb_text_column wpb_content_element \"><div class=\"wpb_wrapper\"><div class=\"wpb_column vc_column_container vc_col-sm-6\"><div class=\"vc_column-inner\"><div class=\"wpb_wrapper\"><div class=\"mkdf-elements-holder mkdf-one-column mkdf-responsive-mode-768 \"><div class=\"mkdf-eh-item \" data-item-class=\"mkdf-eh-custom-1948\" data-1400-1600=\"10px 50px 10px 250px\" data-1025-1399=\"10px 50px 10px 150px\" data-681-768=\"5px 10px 5px 10px\" data-680=\"5px 5px 5px 5px\"><div class=\"mkdf-eh-item-inner\"><div class=\"mkdf-eh-item-content mkdf-eh-custom-1948\"><div class=\"wpb_text_column wpb_content_element \"><div class=\"wpb_wrapper\"><p><strong>Silindir Hacmi:<\/strong>\u00a0125cc<\/p><p><strong>Motor Tipi:<\/strong>\u00a04 Zamanl\u0131, Tek Silindir<\/p><p><strong>\u015eanz\u0131man:<\/strong>\u00a06 Vites<\/p><p><strong>Maksimum G\u00fc\u00e7:<\/strong>\u00a014.50 HP @9000rpm<\/p><p><strong>Maksimum Tork:<\/strong>\u00a013.00 Nm @7000rpm<\/p><p><strong>Yak\u0131t Tipi:<\/strong>\u00a0Benzin<\/p><p><strong>So\u011futma:<\/strong>\u00a0S\u0131v\u0131 So\u011futmal\u0131<\/p><p><strong>\u00d6n \/ Arka Fren:<\/strong>\u00a0Disk \/ Disk (ABS)<\/p><p><strong>\u00d6n Lastik:<\/strong>\u00a0110\/70-17<\/p><\/div><\/div><\/div><\/div><\/div><\/div><\/div><\/div><\/div><\/div><\/div><\/div><\/div><\/div><\/div><\/div><\/div><\/div><\/div><\/div><\/div><\/div><\/div><\/div><\/div><\/div><\/div><\/div><\/div><\/div><\/div><\/div><\/div><\/div><\/div><\/div><\/div><\/div><\/div><\/div><\/div><\/div><\/div><\/div><\/div><\/div><\/div><\/div><\/div><\/div><\/div><\/div><\/div><\/div><\/div><\/div><\/div>\n\t\t\t\t\t<\/div>\n\t\t\t\t\t\t<\/div>\n\t\t\t\t<\/div>\n\t\t\t\t<div class=\"elementor-element elementor-element-a8852cc elementor-widget elementor-widget-wd_text_block\" data-id=\"a8852cc\" data-element_type=\"widget\" data-widget_type=\"wd_text_block.default\">\n\t\t\t\t<div class=\"elementor-widget-container\">\n\t\t\t\t\t\t\t<div class=\"wd-text-block reset-last-child text-left\">\n\t\t\t\n\t\t\t<div class=\"wpb_column vc_column_container vc_col-sm-6\"><div class=\"vc_column-inner\"><div class=\"wpb_wrapper\"><div class=\"mkdf-elements-holder mkdf-one-column mkdf-responsive-mode-768 \"><div class=\"mkdf-eh-item \" data-item-class=\"mkdf-eh-custom-1948\" data-1400-1600=\"10px 50px 10px 250px\" data-1025-1399=\"10px 50px 10px 150px\" data-681-768=\"5px 10px 5px 10px\" data-680=\"5px 5px 5px 5px\"><div class=\"mkdf-eh-item-inner\"><div class=\"mkdf-eh-item-content mkdf-eh-custom-1948\"><div class=\"wpb_text_column wpb_content_element \"><div class=\"wpb_wrapper\"><div class=\"vc_row wpb_row vc_row-fluid vc_row-o-content-middle vc_row-flex\" data-vc-full-width=\"true\" data-vc-full-width-init=\"true\"><div class=\"wpb_column vc_column_container vc_col-sm-12 vc_col-has-fill\"><div class=\"vc_column-inner vc_custom_1659445298240\"><div class=\"wpb_wrapper\"><div class=\"mkdf-section-title-holder mkdf-st-split mkdf-has-appear-animation mkdf-item-appear\"><div class=\"mkdf-st-inner\"><h2 class=\"mkdf-st-title\"><span class=\"mkdf-sts-title-text\">TEKN\u0130K \u00d6ZELL\u0130KLER<\/span><\/h2><\/div><\/div><div class=\"vc_empty_space\">\u00a0<\/div><\/div><\/div><\/div><\/div><div class=\"vc_row-full-width vc_clearfix\">\u00a0<\/div><div class=\"wpb_column vc_column_container vc_col-sm-6\"><div class=\"vc_column-inner\"><div class=\"wpb_wrapper\"><div class=\"mkdf-elements-holder mkdf-one-column mkdf-responsive-mode-768 \"><div class=\"mkdf-eh-item \" data-item-class=\"mkdf-eh-custom-1948\" data-1400-1600=\"10px 50px 10px 250px\" data-1025-1399=\"10px 50px 10px 150px\" data-681-768=\"5px 10px 5px 10px\" data-680=\"5px 5px 5px 5px\"><div class=\"mkdf-eh-item-inner\"><div class=\"mkdf-eh-item-content mkdf-eh-custom-1948\"><div class=\"wpb_text_column wpb_content_element \"><div class=\"wpb_wrapper\"><div class=\"wpb_column vc_column_container vc_col-sm-6\"><div class=\"vc_column-inner\"><div class=\"wpb_wrapper\"><div class=\"mkdf-elements-holder mkdf-one-column mkdf-responsive-mode-768 \"><div class=\"mkdf-eh-item \" data-item-class=\"mkdf-eh-custom-1948\" data-1400-1600=\"10px 50px 10px 250px\" data-1025-1399=\"10px 50px 10px 150px\" data-681-768=\"5px 10px 5px 10px\" data-680=\"5px 5px 5px 5px\"><div class=\"mkdf-eh-item-inner\"><div class=\"mkdf-eh-item-content mkdf-eh-custom-1948\"><div class=\"wpb_text_column wpb_content_element \"><div class=\"wpb_wrapper\"><p><strong>Arka Lastik:<\/strong>\u00a0130\/70-17<\/p><p><strong>Uzunluk:<\/strong>\u00a01990 mm.<\/p><p><strong>Geni\u015flik:<\/strong>\u00a0845 mm.<\/p><p><strong>Y\u00fckseklik:<\/strong>\u00a01105 mm.<\/p><p><strong>Dingil Mesafesi:<\/strong>\u00a01360 mm.<\/p><p><strong>Sele Y\u00fcksekli\u011fi:<\/strong>\u00a0745 mm.<\/p><p><strong>Yerden Y\u00fckseklik:<\/strong>\u00a0185 mm.<\/p><p><strong>Net A\u011f\u0131rl\u0131k:<\/strong>\u00a0143 kg.<\/p><p><strong>Yak\u0131t Tank\u0131 Kapasitesi:<\/strong>\u00a012.5 lt.<\/p><\/div><\/div><\/div><\/div><\/div><\/div><\/div><\/div><\/div><\/div><\/div><\/div><\/div><\/div><\/div><\/div><\/div><\/div><\/div><\/div><\/div><\/div><\/div><\/div><\/div><\/div><\/div>\n\t\t\t\t\t<\/div>\n\t\t\t\t\t\t<\/div>\n\t\t\t\t<\/div>\n\t\t\t\t\t<\/div>\n\t\t\t\t<\/div>\n\t\t<div class=\"elementor-element elementor-element-fb208d2 e-flex e-con-boxed wd-section-disabled e-con e-parent\" data-id=\"fb208d2\" data-element_type=\"container\">\n\t\t\t\t\t<div class=\"e-con-inner\">\n\t\t\t\t<div class=\"elementor-element elementor-element-49a9183 elementor-widget elementor-widget-wd_images_gallery\" data-id=\"49a9183\" data-element_type=\"widget\" data-widget_type=\"wd_images_gallery.default\">\n\t\t\t\t<div class=\"elementor-widget-container\">\n\t\t\t\t\t\t\t<div class=\"wd-images-gallery wd-justify-center wd-items-middle view-grid photoswipe-images\" >\n\t\t\t<div class=\"gallery-images row wd-spacing-0\">\n\t\t\t\t\t\t\t\t\t\t\t\t\t\t<div class=\"wd-gallery-item  col-lg-4 col-md-4 col-12\">\n\t\t\t\t\t\t\t\t\t\t\t\t\t<a href=\"https:\/\/kubabayi.com\/wp-content\/uploads\/2024\/05\/rz125-20240103-112842-1.png\" data-width=\"1024\" data-height=\"1024\" data-index=\"1\" data-elementor-open-lightbox=\"no\">\n\t\t\t\t\t\t\n\t\t\t\t\t\t<img decoding=\"async\" class=\"wd-lazy-load wd-lazy-fade\" src=\"https:\/\/kubabayi.com\/wp-content\/themes\/woodmart\/images\/lazy.png\" data-wood-src=\"https:\/\/kubabayi.com\/wp-content\/uploads\/2024\/05\/rz125-20240103-112842-1-800x800.png\"alt=\"rz125-20240103-112842-1\">\n\t\t\t\t\t\t\t\t\t\t\t\t\t<\/a>\n\t\t\t\t\t\t\t\t\t\t\t<\/div>\n\t\t\t\t\t\t\t\t\t\t\t\t\t\t\t<div class=\"wd-gallery-item  col-lg-4 col-md-4 col-12\">\n\t\t\t\t\t\t\t\t\t\t\t\t\t<a href=\"https:\/\/kubabayi.com\/wp-content\/uploads\/2024\/05\/rz125-20240103-112843-2.png\" data-width=\"1024\" data-height=\"1024\" data-index=\"2\" data-elementor-open-lightbox=\"no\">\n\t\t\t\t\t\t\n\t\t\t\t\t\t<img decoding=\"async\" class=\"wd-lazy-load wd-lazy-fade\" src=\"https:\/\/kubabayi.com\/wp-content\/themes\/woodmart\/images\/lazy.png\" data-wood-src=\"https:\/\/kubabayi.com\/wp-content\/uploads\/2024\/05\/rz125-20240103-112843-2-800x800.png\"alt=\"rz125-20240103-112843-2\">\n\t\t\t\t\t\t\t\t\t\t\t\t\t<\/a>\n\t\t\t\t\t\t\t\t\t\t\t<\/div>\n\t\t\t\t\t\t\t\t\t\t\t\t\t\t\t<div class=\"wd-gallery-item  col-lg-4 col-md-4 col-12\">\n\t\t\t\t\t\t\t\t\t\t\t\t\t<a href=\"https:\/\/kubabayi.com\/wp-content\/uploads\/2024\/05\/rz125-20240120-161418-1.png\" data-width=\"1024\" data-height=\"1024\" data-index=\"3\" data-elementor-open-lightbox=\"no\">\n\t\t\t\t\t\t\n\t\t\t\t\t\t<img decoding=\"async\" class=\"wd-lazy-load wd-lazy-fade\" src=\"https:\/\/kubabayi.com\/wp-content\/themes\/woodmart\/images\/lazy.png\" data-wood-src=\"https:\/\/kubabayi.com\/wp-content\/uploads\/2024\/05\/rz125-20240120-161418-1-800x800.png\"alt=\"rz125-20240120-161418-1\">\n\t\t\t\t\t\t\t\t\t\t\t\t\t<\/a>\n\t\t\t\t\t\t\t\t\t\t\t<\/div>\n\t\t\t\t\t\t\t\t<\/div>\n\t\t<\/div>\n\t\t\t\t\t\t<\/div>\n\t\t\t\t<\/div>\n\t\t\t\t\t<\/div>\n\t\t\t\t<\/div>\n\t\t\t\t<\/div>\n\t\t","protected":false},"excerpt":{"rendered":"<p>RKS RZ125, yol arkada\u015f\u0131n\u0131z olarak hem \u015fehir i\u00e7inde rahatl\u0131\u011f\u0131 hem de otoban yollar\u0131nda tatmin edici g\u00fcc\u00fc sunuyor. Bu \u00f6zg\u00fcn tasar\u0131ma sahip motosiklet, kendine has karakteri ve performans\u0131yla t\u00fcm motosiklet tutkunlar\u0131n\u0131 etkisi alt\u0131na al\u0131yor.<\/p>\n","protected":false},"featured_media":16247,"comment_status":"open","ping_status":"closed","template":"","meta":[],"product_brand":[],"product_cat":[72],"product_tag":[186,188,178,179,177,180,176,190,189,172,191,175,174],"class_list":{"0":"post-16258","1":"product","2":"type-product","3":"status-publish","4":"has-post-thumbnail","6":"product_cat-touringnaked","7":"product_tag-125-cc","8":"product_tag-125-cc-naked","9":"product_tag-abs-fren-sistemi","10":"product_tag-cift-silindir-gucu","11":"product_tag-dijital-gosterge-paneli","12":"product_tag-euro5-standartlari","13":"product_tag-led-aydinlatma","14":"product_tag-naked-motor","15":"product_tag-naked-motosiklet","16":"product_tag-racing-motosiklet","17":"product_tag-rz125","18":"product_tag-sivi-sogutmali-motor","19":"product_tag-yuksek-performans","21":"first","22":"instock","23":"sale","24":"shipping-taxable","25":"purchasable","26":"product-type-variable"},"_links":{"self":[{"href":"https:\/\/kubabayi.com\/index.php\/wp-json\/wp\/v2\/product\/16258","targetHints":{"allow":["GET"]}}],"collection":[{"href":"https:\/\/kubabayi.com\/index.php\/wp-json\/wp\/v2\/product"}],"about":[{"href":"https:\/\/kubabayi.com\/index.php\/wp-json\/wp\/v2\/types\/product"}],"replies":[{"embeddable":true,"href":"https:\/\/kubabayi.com\/index.php\/wp-json\/wp\/v2\/comments?post=16258"}],"version-history":[{"count":7,"href":"https:\/\/kubabayi.com\/index.php\/wp-json\/wp\/v2\/product\/16258\/revisions"}],"predecessor-version":[{"id":16280,"href":"https:\/\/kubabayi.com\/index.php\/wp-json\/wp\/v2\/product\/16258\/revisions\/16280"}],"wp:featuredmedia":[{"embeddable":true,"href":"https:\/\/kubabayi.com\/index.php\/wp-json\/wp\/v2\/media\/16247"}],"wp:attachment":[{"href":"https:\/\/kubabayi.com\/index.php\/wp-json\/wp\/v2\/media?parent=16258"}],"wp:term":[{"taxonomy":"product_brand","embeddable":true,"href":"https:\/\/kubabayi.com\/index.php\/wp-json\/wp\/v2\/product_brand?post=16258"},{"taxonomy":"product_cat","embeddable":true,"href":"https:\/\/kubabayi.com\/index.php\/wp-json\/wp\/v2\/product_cat?post=16258"},{"taxonomy":"product_tag","embeddable":true,"href":"https:\/\/kubabayi.com\/index.php\/wp-json\/wp\/v2\/product_tag?post=16258"}],"curies":[{"name":"wp","href":"https:\/\/api.w.org\/{rel}","templated":true}]}}