{"id":16083,"date":"2024-05-22T06:48:26","date_gmt":"2024-05-22T06:48:26","guid":{"rendered":"https:\/\/kubabayi.com\/?post_type=product&#038;p=16083"},"modified":"2024-05-22T07:14:42","modified_gmt":"2024-05-22T07:14:42","slug":"rks-srk250rr-250-cc-racing-motosiklet","status":"publish","type":"product","link":"https:\/\/kubabayi.com\/index.php\/urun\/rks-srk250rr-250-cc-racing-motosiklet\/","title":{"rendered":"Rks SRK250RR 250 cc Racing Motosiklet"},"content":{"rendered":"\t\t<div data-elementor-type=\"wp-post\" data-elementor-id=\"16083\" class=\"elementor elementor-16083\">\n\t\t\t\t<div class=\"elementor-element elementor-element-d9616f5 e-flex e-con-boxed wd-section-disabled e-con e-parent\" data-id=\"d9616f5\" data-element_type=\"container\">\n\t\t\t\t\t<div class=\"e-con-inner\">\n\t\t\t\t<div class=\"elementor-element elementor-element-fa30d9d elementor-widget elementor-widget-heading\" data-id=\"fa30d9d\" data-element_type=\"widget\" data-widget_type=\"heading.default\">\n\t\t\t\t<div class=\"elementor-widget-container\">\n\t\t\t\t\t<h1 class=\"elementor-heading-title elementor-size-default\"><center>Rks SRK250RR 250 cc Racing Motosiklet<\/h1>\t\t\t\t<\/div>\n\t\t\t\t<\/div>\n\t\t\t\t\t<\/div>\n\t\t\t\t<\/div>\n\t\t<div class=\"elementor-element elementor-element-591e5fb e-flex e-con-boxed wd-section-disabled e-con e-parent\" data-id=\"591e5fb\" data-element_type=\"container\">\n\t\t\t\t\t<div class=\"e-con-inner\">\n\t\t\t\t<div class=\"elementor-element elementor-element-e542a44 elementor-widget elementor-widget-wd_text_block\" data-id=\"e542a44\" data-element_type=\"widget\" data-widget_type=\"wd_text_block.default\">\n\t\t\t\t<div class=\"elementor-widget-container\">\n\t\t\t\t\t\t\t<div class=\"wd-text-block reset-last-child text-left\">\n\t\t\t\n\t\t\t<div style=\"text-align: center;\"><h2>RKS SRK250RR 250cc Racing Motosiklet\u00a0<\/h2><p>RKS SRK250RR, h\u0131z ve performans tutkunlar\u0131 i\u00e7in tasarlanm\u0131\u015f 250cc'lik bir racing motosiklettir. \u0130ki silindirli s\u0131v\u0131 so\u011futmal\u0131 motoru, 25.75 HP g\u00fc\u00e7 ve 24.10 Nm tork \u00fcreterek \u00fcst\u00fcn bir s\u00fcr\u00fc\u015f deneyimi sunar. 6 vitesli \u015fanz\u0131man\u0131, h\u0131zlanma ve g\u00fc\u00e7 aktar\u0131m\u0131n\u0131 m\u00fckemmel \u015fekilde dengeler.<\/p><p>Modern ve agresif tasar\u0131m\u0131yla \u00f6ne \u00e7\u0131kan SRK250RR, LED ayd\u0131nlatma sistemi ve dijital LCD g\u00f6sterge paneli ile donat\u0131lm\u0131\u015ft\u0131r. Bu \u00f6zellikler, gece s\u00fcr\u00fc\u015flerinde hem \u015f\u0131k bir g\u00f6r\u00fcn\u00fcm hem de y\u00fcksek g\u00f6r\u00fcn\u00fcrl\u00fck sa\u011flar. Motosikletin g\u00fcvenli\u011fi, ABS fren sistemi ile art\u0131r\u0131lm\u0131\u015ft\u0131r. \u00d6nde 300 mm, arkada ise 240 mm'lik disk frenler, g\u00fc\u00e7l\u00fc ve dengeli frenleme sunar.<\/p><p>Konfor, SRK250RR\u2019nin bir di\u011fer \u00f6nemli \u00f6zelli\u011fidir. Ayarlanabilir arka s\u00fcspansiyon sistemi, farkl\u0131 yol ko\u015fullar\u0131na uyum sa\u011flayarak s\u00fcr\u00fc\u015f konforunu maksimize eder. Ergonomik s\u00fcr\u00fc\u015f pozisyonu, uzun yolculuklarda bile rahatl\u0131k sunar.<\/p><p>\u00c7evre dostu bir yakla\u015f\u0131m benimseyen SRK250RR, Euro5 emisyon standartlar\u0131na uygundur. Bu, motosikletin hem performansl\u0131 hem de \u00e7evreye duyarl\u0131 oldu\u011funu g\u00f6sterir. Yak\u0131t verimlili\u011fi ve d\u00fc\u015f\u00fck emisyon de\u011ferleri ile hem do\u011fa dostu hem de ekonomik bir se\u00e7imdir.<\/p><p>SRK250RR, hem yeni ba\u015flayanlar hem de deneyimli s\u00fcr\u00fcc\u00fcler i\u00e7in ideal bir se\u00e7enektir. Y\u00fcksek performans\u0131, modern tasar\u0131m\u0131 ve geli\u015fmi\u015f g\u00fcvenlik \u00f6zellikleri ile dikkat \u00e7eker. Yar\u0131\u015f pistlerinde veya \u015fehir i\u00e7inde \u00fcst\u00fcn bir s\u00fcr\u00fc\u015f deneyimi arayan herkes i\u00e7in m\u00fckemmel bir tercihtir.<\/p><p>Detayl\u0131 bilgi ve teknik \u00f6zellikler i\u00e7in <a href=\"https:\/\/www.rksmotor.com.tr\/model\/srk250rr.html\" target=\"_blank\" rel=\"noopener\">RKS SRK250RR<\/a> sayfas\u0131n\u0131 ziyaret edebilirsiniz.<\/p><\/div>\n\t\t\t\t\t<\/div>\n\t\t\t\t\t\t<\/div>\n\t\t\t\t<\/div>\n\t\t\t\t<div class=\"elementor-element elementor-element-8cd147c elementor-widget elementor-widget-wd_image_or_svg\" data-id=\"8cd147c\" data-element_type=\"widget\" data-widget_type=\"wd_image_or_svg.default\">\n\t\t\t\t<div class=\"elementor-widget-container\">\n\t\t\t\t\t\n\t\t<div class=\"wd-image text-left\">\n\t\t\t\t\t\t\t\t<img fetchpriority=\"high\" decoding=\"async\" width=\"2000\" height=\"1262\" src=\"https:\/\/kubabayi.com\/wp-content\/themes\/woodmart\/images\/lazy.png\" class=\"attachment-full size-full wd-lazy-load wd-lazy-fade\" alt=\"\" srcset=\"\" sizes=\"(max-width: 2000px) 100vw, 2000px\" data-wood-src=\"https:\/\/kubabayi.com\/wp-content\/uploads\/2024\/05\/srk250rr-20240112-072048-1.png\" data-srcset=\"https:\/\/kubabayi.com\/wp-content\/uploads\/2024\/05\/srk250rr-20240112-072048-1.png 2000w, https:\/\/kubabayi.com\/wp-content\/uploads\/2024\/05\/srk250rr-20240112-072048-1-400x252.png 400w, https:\/\/kubabayi.com\/wp-content\/uploads\/2024\/05\/srk250rr-20240112-072048-1-1268x800.png 1268w, https:\/\/kubabayi.com\/wp-content\/uploads\/2024\/05\/srk250rr-20240112-072048-1-768x485.png 768w, https:\/\/kubabayi.com\/wp-content\/uploads\/2024\/05\/srk250rr-20240112-072048-1-1536x969.png 1536w, https:\/\/kubabayi.com\/wp-content\/uploads\/2024\/05\/srk250rr-20240112-072048-1-860x543.png 860w, https:\/\/kubabayi.com\/wp-content\/uploads\/2024\/05\/srk250rr-20240112-072048-1-430x271.png 430w, https:\/\/kubabayi.com\/wp-content\/uploads\/2024\/05\/srk250rr-20240112-072048-1-700x442.png 700w, https:\/\/kubabayi.com\/wp-content\/uploads\/2024\/05\/srk250rr-20240112-072048-1-150x95.png 150w\" \/>\t\t\t\t\t<\/div>\n\n\t\t\t\t\t\t<\/div>\n\t\t\t\t<\/div>\n\t\t\t\t<div class=\"elementor-element elementor-element-e691e6f elementor-widget elementor-widget-wd_text_block\" data-id=\"e691e6f\" data-element_type=\"widget\" data-widget_type=\"wd_text_block.default\">\n\t\t\t\t<div class=\"elementor-widget-container\">\n\t\t\t\t\t\t\t<div class=\"wd-text-block reset-last-child text-left\">\n\t\t\t\n\t\t\t<CENTER>\n<h2 class=\"turntable__background-title\"><a class=\"btn btn--style-a turntable__details-btn--secondary\" style=\"font-size: 16px;\" href=\"https:\/\/www.rksmotor.com.tr\/pdf\/srk250rr.pdf\" target=\"_blank\" rel=\"noopener\" data-country-market=\"tr-TR\" data-bike-name=\"CHIA125\" data-bike-genre=\"CHIA125\">MODEL KATALO\u011eU<\/a><a class=\"btn btn--style-a turntable__details-btn--secondary\" style=\"font-size: 16px;\" href=\"https:\/\/drive.google.com\/file\/d\/1VzLpMh749wYifJ9Vk0hAOpKxcLq9gLEg\/view?usp=sharing\" target=\"_blank\" rel=\"noopener\" data-country-market=\"tr-TR\" data-bike-name=\"CHIA125\" data-bike-genre=\"CHIA125\">KULLANIM KILAVUZU<\/a><\/h2>\n<h2 class=\"turntable__background-title\"><\/h2>\n\t\t\t\t\t<\/div>\n\t\t\t\t\t\t<\/div>\n\t\t\t\t<\/div>\n\t\t\t\t\t<\/div>\n\t\t\t\t<\/div>\n\t\t<div class=\"elementor-element elementor-element-0da11ab e-grid e-con-boxed wd-section-disabled e-con e-parent\" data-id=\"0da11ab\" data-element_type=\"container\">\n\t\t\t\t\t<div class=\"e-con-inner\">\n\t\t\t\t<div class=\"elementor-element elementor-element-2a4446b elementor-widget elementor-widget-wd_text_block\" data-id=\"2a4446b\" data-element_type=\"widget\" data-widget_type=\"wd_text_block.default\">\n\t\t\t\t<div class=\"elementor-widget-container\">\n\t\t\t\t\t\t\t<div class=\"wd-text-block reset-last-child text-left\">\n\t\t\t\n\t\t\t<div class=\"vc_row wpb_row vc_row-fluid vc_row-o-content-middle vc_row-flex\" data-vc-full-width=\"true\" data-vc-full-width-init=\"true\"><div class=\"wpb_column vc_column_container vc_col-sm-12 vc_col-has-fill\"><div class=\"vc_column-inner vc_custom_1659445298240\"><div class=\"wpb_wrapper\"><div class=\"mkdf-section-title-holder mkdf-st-split mkdf-has-appear-animation mkdf-item-appear\"><div class=\"mkdf-st-inner\"><div class=\"vc_row wpb_row vc_row-fluid vc_row-o-content-middle vc_row-flex\" data-vc-full-width=\"true\" data-vc-full-width-init=\"true\"><div class=\"wpb_column vc_column_container vc_col-sm-12 vc_col-has-fill\"><div class=\"vc_column-inner vc_custom_1659445298240\"><div class=\"wpb_wrapper\"><div class=\"mkdf-section-title-holder mkdf-st-split mkdf-has-appear-animation mkdf-item-appear\"><div class=\"mkdf-st-inner\"><div class=\"wpb_column vc_column_container vc_col-sm-6\"><div class=\"vc_column-inner\"><div class=\"wpb_wrapper\"><div class=\"mkdf-elements-holder mkdf-one-column mkdf-responsive-mode-768 \"><div class=\"mkdf-eh-item \" data-item-class=\"mkdf-eh-custom-1948\" data-1400-1600=\"10px 50px 10px 250px\" data-1025-1399=\"10px 50px 10px 150px\" data-681-768=\"5px 10px 5px 10px\" data-680=\"5px 5px 5px 5px\"><div class=\"mkdf-eh-item-inner\"><div class=\"mkdf-eh-item-content mkdf-eh-custom-1948\"><div class=\"wpb_text_column wpb_content_element \"><div class=\"wpb_wrapper\"><div class=\"vc_row wpb_row vc_row-fluid vc_row-o-content-middle vc_row-flex\" data-vc-full-width=\"true\" data-vc-full-width-init=\"true\"><div class=\"wpb_column vc_column_container vc_col-sm-12 vc_col-has-fill\"><div class=\"vc_column-inner vc_custom_1659445298240\"><div class=\"wpb_wrapper\"><div class=\"mkdf-section-title-holder mkdf-st-split mkdf-has-appear-animation mkdf-item-appear\"><div class=\"mkdf-st-inner\"><h2 class=\"mkdf-st-title\"><span class=\"mkdf-sts-title-text\">TEKN\u0130K \u00d6ZELL\u0130KLER<\/span><\/h2><\/div><\/div><div class=\"vc_empty_space\">\u00a0<\/div><\/div><\/div><\/div><\/div><div class=\"vc_row-full-width vc_clearfix\">\u00a0<\/div><div class=\"wpb_column vc_column_container vc_col-sm-6\"><div class=\"vc_column-inner\"><div class=\"wpb_wrapper\"><div class=\"mkdf-elements-holder mkdf-one-column mkdf-responsive-mode-768 \"><div class=\"mkdf-eh-item \" data-item-class=\"mkdf-eh-custom-1948\" data-1400-1600=\"10px 50px 10px 250px\" data-1025-1399=\"10px 50px 10px 150px\" data-681-768=\"5px 10px 5px 10px\" data-680=\"5px 5px 5px 5px\"><div class=\"mkdf-eh-item-inner\"><div class=\"mkdf-eh-item-content mkdf-eh-custom-1948\"><div class=\"wpb_text_column wpb_content_element \"><div class=\"wpb_wrapper\"><div class=\"wpb_column vc_column_container vc_col-sm-6\"><div class=\"vc_column-inner\"><div class=\"wpb_wrapper\"><div class=\"mkdf-elements-holder mkdf-one-column mkdf-responsive-mode-768 \"><div class=\"mkdf-eh-item \" data-item-class=\"mkdf-eh-custom-1948\" data-1400-1600=\"10px 50px 10px 250px\" data-1025-1399=\"10px 50px 10px 150px\" data-681-768=\"5px 10px 5px 10px\" data-680=\"5px 5px 5px 5px\"><div class=\"mkdf-eh-item-inner\"><div class=\"mkdf-eh-item-content mkdf-eh-custom-1948\"><div class=\"wpb_text_column wpb_content_element \"><div class=\"wpb_wrapper\"><p><strong>Silindir Hacmi:<\/strong>\u00a0249cc<\/p><p><strong>Motor Tipi:<\/strong>\u00a04 Zamanl\u0131, \u00c7ift Silindir<\/p><p><strong>\u015eanz\u0131man:<\/strong>\u00a06 Vites<\/p><p><strong>Maksimum G\u00fc\u00e7:<\/strong>\u00a025.75 HP @8500rpm<\/p><p><strong>Maksimum Tork:<\/strong>\u00a024.10 Nm @6500rpm<\/p><p><strong>Yak\u0131t Tipi:<\/strong>\u00a0Benzin<\/p><p><strong>So\u011futma:<\/strong>\u00a0S\u0131v\u0131 So\u011futmal\u0131<\/p><p><strong>\u00d6n \/ Arka Fren:<\/strong>\u00a0300mm Disk \/ 240mm Disk (ABS)<\/p><p><strong>\u00d6n S\u00fcspansiyon:<\/strong>\u00a0MARZOCCHI<\/p><p><strong>\u00d6n Lastik:<\/strong>\u00a0110\/70 R17 (CST)<\/p><\/div><\/div><\/div><\/div><\/div><\/div><\/div><\/div><\/div><div class=\"wpb_column vc_column_container vc_col-sm-6\"><div class=\"vc_column-inner\"><div class=\"wpb_wrapper\"><div class=\"mkdf-elements-holder mkdf-one-column mkdf-responsive-mode-768 \"><div class=\"mkdf-eh-item \" data-item-class=\"mkdf-eh-custom-4437\" data-1400-1600=\"10px 100px 10px 50px\" data-1025-1399=\"10px 100px 10px 50px\" data-681-768=\"5px 10px 5px 10px\" data-680=\"5px 5px 5px 5px\"><div class=\"mkdf-eh-item-inner\"><div class=\"mkdf-eh-item-content mkdf-eh-custom-4437\"><div class=\"wpb_text_column wpb_content_element \"><div class=\"wpb_wrapper\">\u00a0<\/div><\/div><\/div><\/div><\/div><\/div><\/div><\/div><\/div><\/div><\/div><\/div><\/div><\/div><\/div><\/div><\/div><\/div><\/div><\/div><\/div><\/div><\/div><\/div><\/div><\/div><\/div><\/div><\/div><\/div><\/div><\/div><\/div><\/div><\/div><\/div><\/div><\/div><\/div>\n\t\t\t\t\t<\/div>\n\t\t\t\t\t\t<\/div>\n\t\t\t\t<\/div>\n\t\t\t\t<div class=\"elementor-element elementor-element-a8852cc elementor-widget elementor-widget-wd_text_block\" data-id=\"a8852cc\" data-element_type=\"widget\" data-widget_type=\"wd_text_block.default\">\n\t\t\t\t<div class=\"elementor-widget-container\">\n\t\t\t\t\t\t\t<div class=\"wd-text-block reset-last-child text-left\">\n\t\t\t\n\t\t\t<div class=\"wpb_column vc_column_container vc_col-sm-6\"><div class=\"vc_column-inner\"><div class=\"wpb_wrapper\"><div class=\"mkdf-elements-holder mkdf-one-column mkdf-responsive-mode-768 \"><div class=\"mkdf-eh-item \" data-item-class=\"mkdf-eh-custom-1948\" data-1400-1600=\"10px 50px 10px 250px\" data-1025-1399=\"10px 50px 10px 150px\" data-681-768=\"5px 10px 5px 10px\" data-680=\"5px 5px 5px 5px\"><div class=\"mkdf-eh-item-inner\"><div class=\"mkdf-eh-item-content mkdf-eh-custom-1948\"><div class=\"wpb_text_column wpb_content_element \"><div class=\"wpb_wrapper\"><div class=\"vc_row wpb_row vc_row-fluid vc_row-o-content-middle vc_row-flex\" data-vc-full-width=\"true\" data-vc-full-width-init=\"true\"><div class=\"wpb_column vc_column_container vc_col-sm-12 vc_col-has-fill\"><div class=\"vc_column-inner vc_custom_1659445298240\"><div class=\"wpb_wrapper\"><div class=\"mkdf-section-title-holder mkdf-st-split mkdf-has-appear-animation mkdf-item-appear\"><div class=\"mkdf-st-inner\"><h2 class=\"mkdf-st-title\"><span class=\"mkdf-sts-title-text\">TEKN\u0130K \u00d6ZELL\u0130KLER<\/span><\/h2><\/div><\/div><div class=\"vc_empty_space\">\u00a0<\/div><\/div><\/div><\/div><\/div><div class=\"vc_row-full-width vc_clearfix\">\u00a0<\/div><div class=\"wpb_column vc_column_container vc_col-sm-6\"><div class=\"vc_column-inner\"><div class=\"wpb_wrapper\"><div class=\"mkdf-elements-holder mkdf-one-column mkdf-responsive-mode-768 \"><div class=\"mkdf-eh-item \" data-item-class=\"mkdf-eh-custom-1948\" data-1400-1600=\"10px 50px 10px 250px\" data-1025-1399=\"10px 50px 10px 150px\" data-681-768=\"5px 10px 5px 10px\" data-680=\"5px 5px 5px 5px\"><div class=\"mkdf-eh-item-inner\"><div class=\"mkdf-eh-item-content mkdf-eh-custom-1948\"><div class=\"wpb_text_column wpb_content_element \"><div class=\"wpb_wrapper\"><div class=\"wpb_column vc_column_container vc_col-sm-6\"><div class=\"vc_column-inner\"><div class=\"wpb_wrapper\"><div class=\"mkdf-elements-holder   mkdf-one-column  mkdf-responsive-mode-768 \"><div class=\"mkdf-eh-item    \" data-item-class=\"mkdf-eh-custom-1948\" data-1400-1600=\"10px 50px 10px 250px\" data-1025-1399=\"10px 50px 10px 150px\" data-681-768=\"5px 10px 5px 10px\" data-680=\"5px 5px 5px 5px\"><div class=\"mkdf-eh-item-inner\"><div class=\"mkdf-eh-item-content mkdf-eh-custom-1948\"><div class=\"wpb_text_column wpb_content_element \"><div class=\"wpb_wrapper\"><p><strong>Arka Lastik:<\/strong>\u00a0160\/60 ZR17 (CST)<\/p><\/div><\/div><\/div><\/div><\/div><\/div><\/div><\/div><\/div><div class=\"wpb_column vc_column_container vc_col-sm-6\"><div class=\"vc_column-inner\"><div class=\"wpb_wrapper\"><div class=\"mkdf-elements-holder   mkdf-one-column  mkdf-responsive-mode-768 \"><div class=\"mkdf-eh-item    \" data-item-class=\"mkdf-eh-custom-4437\" data-1400-1600=\"10px 100px 10px 50px\" data-1025-1399=\"10px 100px 10px 50px\" data-681-768=\"5px 10px 5px 10px\" data-680=\"5px 5px 5px 5px\"><div class=\"mkdf-eh-item-inner\"><div class=\"mkdf-eh-item-content mkdf-eh-custom-4437\"><div class=\"wpb_text_column wpb_content_element \"><div class=\"wpb_wrapper\"><p><strong>Uzunluk:<\/strong>\u00a02050 mm.<\/p><p><strong>Geni\u015flik:<\/strong>\u00a0785 mm.<\/p><p><strong>Y\u00fckseklik:<\/strong>\u00a01130 mm.<\/p><p><strong>Dingil Mesafesi:<\/strong>\u00a01420 mm.<\/p><p><strong>Sele Y\u00fcksekli\u011fi:<\/strong>\u00a0790 mm.<\/p><p><strong>Yerden Y\u00fckseklik:<\/strong>\u00a0135 mm.<\/p><p><strong>Net A\u011f\u0131rl\u0131k:<\/strong>\u00a0175 kg.<\/p><p><strong>Yak\u0131t Tank\u0131 Kapasitesi:<\/strong>\u00a014.3 lt.<\/p><\/div><\/div><\/div><\/div><\/div><\/div><\/div><\/div><\/div><\/div><\/div><\/div><\/div><\/div><\/div><\/div><\/div><\/div><\/div><\/div><\/div><\/div><\/div><\/div><\/div><\/div><\/div>\n\t\t\t\t\t<\/div>\n\t\t\t\t\t\t<\/div>\n\t\t\t\t<\/div>\n\t\t\t\t\t<\/div>\n\t\t\t\t<\/div>\n\t\t<div class=\"elementor-element elementor-element-298ecb0 e-flex e-con-boxed wd-section-disabled e-con e-parent\" data-id=\"298ecb0\" data-element_type=\"container\">\n\t\t\t\t\t<div class=\"e-con-inner\">\n\t\t\t\t<div class=\"elementor-element elementor-element-415b456 elementor-widget elementor-widget-wd_images_gallery\" data-id=\"415b456\" data-element_type=\"widget\" data-widget_type=\"wd_images_gallery.default\">\n\t\t\t\t<div class=\"elementor-widget-container\">\n\t\t\t\t\t\t\t<div class=\"wd-images-gallery wd-justify-center wd-items-middle view-grid photoswipe-images\" >\n\t\t\t<div class=\"gallery-images row wd-spacing-0\">\n\t\t\t\t\t\t\t\t\t\t\t\t\t\t<div class=\"wd-gallery-item  col-lg-4 col-md-4 col-12\">\n\t\t\t\t\t\t\t\t\t\t\t\t\t<a href=\"https:\/\/kubabayi.com\/wp-content\/uploads\/2024\/05\/srk400rr-20240113-114631-2.png\" data-width=\"600\" data-height=\"400\" data-index=\"1\" data-elementor-open-lightbox=\"no\">\n\t\t\t\t\t\t\n\t\t\t\t\t\t<img decoding=\"async\" class=\"wd-lazy-load wd-lazy-fade\" src=\"https:\/\/kubabayi.com\/wp-content\/themes\/woodmart\/images\/lazy.png\" data-wood-src=\"https:\/\/kubabayi.com\/wp-content\/uploads\/2024\/05\/srk400rr-20240113-114631-2.png\"alt=\"srk400rr-20240113-114631-2\">\n\t\t\t\t\t\t\t\t\t\t\t\t\t<\/a>\n\t\t\t\t\t\t\t\t\t\t\t<\/div>\n\t\t\t\t\t\t\t\t\t\t\t\t\t\t\t<div class=\"wd-gallery-item  col-lg-4 col-md-4 col-12\">\n\t\t\t\t\t\t\t\t\t\t\t\t\t<a href=\"https:\/\/kubabayi.com\/wp-content\/uploads\/2024\/05\/srk400rr-20240113-114631-1.png\" data-width=\"600\" data-height=\"400\" data-index=\"2\" data-elementor-open-lightbox=\"no\">\n\t\t\t\t\t\t\n\t\t\t\t\t\t<img decoding=\"async\" class=\"wd-lazy-load wd-lazy-fade\" src=\"https:\/\/kubabayi.com\/wp-content\/themes\/woodmart\/images\/lazy.png\" data-wood-src=\"https:\/\/kubabayi.com\/wp-content\/uploads\/2024\/05\/srk400rr-20240113-114631-1.png\"alt=\"srk400rr-20240113-114631-1\">\n\t\t\t\t\t\t\t\t\t\t\t\t\t<\/a>\n\t\t\t\t\t\t\t\t\t\t\t<\/div>\n\t\t\t\t\t\t\t\t\t\t\t\t\t\t\t<div class=\"wd-gallery-item  col-lg-4 col-md-4 col-12\">\n\t\t\t\t\t\t\t\t\t\t\t\t\t<a href=\"https:\/\/kubabayi.com\/wp-content\/uploads\/2024\/05\/srk400rr-20240113-114618-1.png\" data-width=\"600\" data-height=\"400\" data-index=\"3\" data-elementor-open-lightbox=\"no\">\n\t\t\t\t\t\t\n\t\t\t\t\t\t<img decoding=\"async\" class=\"wd-lazy-load wd-lazy-fade\" src=\"https:\/\/kubabayi.com\/wp-content\/themes\/woodmart\/images\/lazy.png\" data-wood-src=\"https:\/\/kubabayi.com\/wp-content\/uploads\/2024\/05\/srk400rr-20240113-114618-1.png\"alt=\"srk400rr-20240113-114618-1\">\n\t\t\t\t\t\t\t\t\t\t\t\t\t<\/a>\n\t\t\t\t\t\t\t\t\t\t\t<\/div>\n\t\t\t\t\t\t\t\t\t\t\t\t\t\t\t<div class=\"wd-gallery-item  col-lg-4 col-md-4 col-12\">\n\t\t\t\t\t\t\t\t\t\t\t\t\t<a href=\"https:\/\/kubabayi.com\/wp-content\/uploads\/2024\/05\/srk400rr-20240113-114618-2.png\" data-width=\"600\" data-height=\"400\" data-index=\"4\" data-elementor-open-lightbox=\"no\">\n\t\t\t\t\t\t\n\t\t\t\t\t\t<img decoding=\"async\" class=\"wd-lazy-load wd-lazy-fade\" src=\"https:\/\/kubabayi.com\/wp-content\/themes\/woodmart\/images\/lazy.png\" data-wood-src=\"https:\/\/kubabayi.com\/wp-content\/uploads\/2024\/05\/srk400rr-20240113-114618-2.png\"alt=\"srk400rr-20240113-114618-2\">\n\t\t\t\t\t\t\t\t\t\t\t\t\t<\/a>\n\t\t\t\t\t\t\t\t\t\t\t<\/div>\n\t\t\t\t\t\t\t\t\t\t\t\t\t\t\t<div class=\"wd-gallery-item  col-lg-4 col-md-4 col-12\">\n\t\t\t\t\t\t\t\t\t\t\t\t\t<a href=\"https:\/\/kubabayi.com\/wp-content\/uploads\/2024\/05\/srk400rr-20240113-114643-2.png\" data-width=\"600\" data-height=\"400\" data-index=\"5\" data-elementor-open-lightbox=\"no\">\n\t\t\t\t\t\t\n\t\t\t\t\t\t<img decoding=\"async\" class=\"wd-lazy-load wd-lazy-fade\" src=\"https:\/\/kubabayi.com\/wp-content\/themes\/woodmart\/images\/lazy.png\" data-wood-src=\"https:\/\/kubabayi.com\/wp-content\/uploads\/2024\/05\/srk400rr-20240113-114643-2.png\"alt=\"srk400rr-20240113-114643-2\">\n\t\t\t\t\t\t\t\t\t\t\t\t\t<\/a>\n\t\t\t\t\t\t\t\t\t\t\t<\/div>\n\t\t\t\t\t\t\t\t\t\t\t\t\t\t\t<div class=\"wd-gallery-item  col-lg-4 col-md-4 col-12\">\n\t\t\t\t\t\t\t\t\t\t\t\t\t<a href=\"https:\/\/kubabayi.com\/wp-content\/uploads\/2024\/05\/srk400rr-20240113-114643-1.png\" data-width=\"600\" data-height=\"400\" data-index=\"6\" data-elementor-open-lightbox=\"no\">\n\t\t\t\t\t\t\n\t\t\t\t\t\t<img decoding=\"async\" class=\"wd-lazy-load wd-lazy-fade\" src=\"https:\/\/kubabayi.com\/wp-content\/themes\/woodmart\/images\/lazy.png\" data-wood-src=\"https:\/\/kubabayi.com\/wp-content\/uploads\/2024\/05\/srk400rr-20240113-114643-1.png\"alt=\"srk400rr-20240113-114643-1\">\n\t\t\t\t\t\t\t\t\t\t\t\t\t<\/a>\n\t\t\t\t\t\t\t\t\t\t\t<\/div>\n\t\t\t\t\t\t\t\t<\/div>\n\t\t<\/div>\n\t\t\t\t\t\t<\/div>\n\t\t\t\t<\/div>\n\t\t\t\t\t<\/div>\n\t\t\t\t<\/div>\n\t\t\t\t<\/div>\n\t\t","protected":false},"excerpt":{"rendered":"<p>RKS SRK250RR, yol arkada\u015f\u0131n\u0131z olarak hem \u015fehir i\u00e7inde rahatl\u0131\u011f\u0131 hem de otoban yollar\u0131nda tatmin edici g\u00fcc\u00fc sunuyor. Bu \u00f6zg\u00fcn tasar\u0131ma sahip motosiklet, kendine has karakteri ve performans\u0131yla t\u00fcm motosiklet tutkunlar\u0131n\u0131 etkisi alt\u0131na al\u0131yor.<\/p>\n","protected":false},"featured_media":16088,"comment_status":"open","ping_status":"closed","template":"","meta":[],"product_brand":[],"product_cat":[157],"product_tag":[182,183,178,179,177,180,176,172,175,181,174],"class_list":{"0":"post-16083","1":"product","2":"type-product","3":"status-publish","4":"has-post-thumbnail","6":"product_cat-racing","7":"product_tag-250-cc","8":"product_tag-250-cc-racing","9":"product_tag-abs-fren-sistemi","10":"product_tag-cift-silindir-gucu","11":"product_tag-dijital-gosterge-paneli","12":"product_tag-euro5-standartlari","13":"product_tag-led-aydinlatma","14":"product_tag-racing-motosiklet","15":"product_tag-sivi-sogutmali-motor","16":"product_tag-srk250rr","17":"product_tag-yuksek-performans","19":"first","20":"instock","21":"sale","22":"shipping-taxable","23":"purchasable","24":"product-type-variable"},"_links":{"self":[{"href":"https:\/\/kubabayi.com\/index.php\/wp-json\/wp\/v2\/product\/16083","targetHints":{"allow":["GET"]}}],"collection":[{"href":"https:\/\/kubabayi.com\/index.php\/wp-json\/wp\/v2\/product"}],"about":[{"href":"https:\/\/kubabayi.com\/index.php\/wp-json\/wp\/v2\/types\/product"}],"replies":[{"embeddable":true,"href":"https:\/\/kubabayi.com\/index.php\/wp-json\/wp\/v2\/comments?post=16083"}],"version-history":[{"count":7,"href":"https:\/\/kubabayi.com\/index.php\/wp-json\/wp\/v2\/product\/16083\/revisions"}],"predecessor-version":[{"id":16100,"href":"https:\/\/kubabayi.com\/index.php\/wp-json\/wp\/v2\/product\/16083\/revisions\/16100"}],"wp:featuredmedia":[{"embeddable":true,"href":"https:\/\/kubabayi.com\/index.php\/wp-json\/wp\/v2\/media\/16088"}],"wp:attachment":[{"href":"https:\/\/kubabayi.com\/index.php\/wp-json\/wp\/v2\/media?parent=16083"}],"wp:term":[{"taxonomy":"product_brand","embeddable":true,"href":"https:\/\/kubabayi.com\/index.php\/wp-json\/wp\/v2\/product_brand?post=16083"},{"taxonomy":"product_cat","embeddable":true,"href":"https:\/\/kubabayi.com\/index.php\/wp-json\/wp\/v2\/product_cat?post=16083"},{"taxonomy":"product_tag","embeddable":true,"href":"https:\/\/kubabayi.com\/index.php\/wp-json\/wp\/v2\/product_tag?post=16083"}],"curies":[{"name":"wp","href":"https:\/\/api.w.org\/{rel}","templated":true}]}}