{"id":16012,"date":"2024-05-20T10:04:04","date_gmt":"2024-05-20T10:04:04","guid":{"rendered":"https:\/\/kubabayi.com\/?post_type=product&#038;p=16012"},"modified":"2024-05-20T11:11:56","modified_gmt":"2024-05-20T11:11:56","slug":"rks-xvr-250-cc-cross-off-road-motosiklet","status":"publish","type":"product","link":"https:\/\/kubabayi.com\/index.php\/urun\/rks-xvr-250-cc-cross-off-road-motosiklet\/","title":{"rendered":"Rks XVR 250 cc Cross Off-Road Motosiklet"},"content":{"rendered":"\t\t<div data-elementor-type=\"wp-post\" data-elementor-id=\"16012\" class=\"elementor elementor-16012\">\n\t\t\t\t<div class=\"elementor-element elementor-element-d9616f5 e-flex e-con-boxed wd-section-disabled e-con e-parent\" data-id=\"d9616f5\" data-element_type=\"container\">\n\t\t\t\t\t<div class=\"e-con-inner\">\n\t\t\t\t<div class=\"elementor-element elementor-element-fa30d9d elementor-widget elementor-widget-heading\" data-id=\"fa30d9d\" data-element_type=\"widget\" data-widget_type=\"heading.default\">\n\t\t\t\t<div class=\"elementor-widget-container\">\n\t\t\t\t\t<h1 class=\"elementor-heading-title elementor-size-default\"><center>Rks XVR 250 cc Cross Off-Road Motosiklet\n\n\n<\/h1>\t\t\t\t<\/div>\n\t\t\t\t<\/div>\n\t\t\t\t\t<\/div>\n\t\t\t\t<\/div>\n\t\t<div class=\"elementor-element elementor-element-591e5fb e-flex e-con-boxed wd-section-disabled e-con e-parent\" data-id=\"591e5fb\" data-element_type=\"container\">\n\t\t\t\t\t<div class=\"e-con-inner\">\n\t\t\t\t<div class=\"elementor-element elementor-element-e542a44 elementor-widget elementor-widget-wd_text_block\" data-id=\"e542a44\" data-element_type=\"widget\" data-widget_type=\"wd_text_block.default\">\n\t\t\t\t<div class=\"elementor-widget-container\">\n\t\t\t\t\t\t\t<div class=\"wd-text-block reset-last-child text-left\">\n\t\t\t\n\t\t\t<center><h2><strong>RKS XVR250 Cross: Zor Be\u011fenenler \u0130\u00e7in 2024<\/strong><\/h2>\n<center><\/center><center>RKS XVR250, cross tutkunlar\u0131n\u0131n arad\u0131\u011f\u0131 gibi bir tasar\u0131ma sahip olan bir motosiklettir. \u00dcst\u00fcn teknolojiler kullan\u0131larak \u00fcretilen XVR250, zorlu do\u011fa \u015fartlar\u0131na uygun olarak tasarlanm\u0131\u015ft\u0131r. \u0130\u015fte bu heyecan verici motosikletin baz\u0131 \u00f6zellikleri:<\/center><center><\/center><strong>Silindir Hacmi:<\/strong>\u00a0250 cc<\/center><center><strong>Motor Tipi:<\/strong>\u00a04 Zamanl\u0131, Tek Silindir<\/center><center><strong>\u015eanz\u0131man:<\/strong>\u00a05 Vites<\/center><center><strong>Maksimum G\u00fc\u00e7:<\/strong>\u00a016.62 HP @ 7500 rpm<\/center><center><strong>Maksimum Tork:<\/strong>\u00a018.40 Nm @ 5500 rpm<\/center><center><strong>Yak\u0131t Tipi:<\/strong>\u00a0Benzin<\/center><center><strong>So\u011futma Sistemi:<\/strong>\u00a0Hava So\u011futmal\u0131<\/center><center><strong>\u00d6n \/ Arka Fren:<\/strong>\u00a0Disk \/ Disk<\/center><center><\/center><center><\/center><center>XVR250, cross modeline yak\u0131\u015f\u0131r bir tasar\u0131ma sahip olup g\u00f6vde krenaj\u0131na uygun \u00f6n farlar\u0131 ile uzun mesafelerden bile fark edileceksiniz. Klasik tasar\u0131m ile teknolojiyi harmanlayan XVR250\u2019nin digital g\u00f6sterge paneli \u00fczerinde motor devir g\u00f6stergesi, h\u0131z g\u00f6stergesi, yak\u0131t g\u00f6stergesi, vites g\u00f6stergesi ve sa\u011f-sol sinyal ikaz lambalar\u0131 mevcuttur. Bu motosiklet, \u00f6n disk ve arka disk (ABS) fren sistemiyle g\u00fcvenilir bir s\u00fcr\u00fc\u015f deneyimi sunar.<\/center>\n\t\t\t\t\t<\/div>\n\t\t\t\t\t\t<\/div>\n\t\t\t\t<\/div>\n\t\t\t\t<div class=\"elementor-element elementor-element-8cd147c elementor-widget elementor-widget-wd_image_or_svg\" data-id=\"8cd147c\" data-element_type=\"widget\" data-widget_type=\"wd_image_or_svg.default\">\n\t\t\t\t<div class=\"elementor-widget-container\">\n\t\t\t\t\t\n\t\t<div class=\"wd-image text-left\">\n\t\t\t\t\t\t\t\t<img fetchpriority=\"high\" decoding=\"async\" width=\"2000\" height=\"1262\" src=\"https:\/\/kubabayi.com\/wp-content\/themes\/woodmart\/images\/lazy.png\" class=\"attachment-full size-full wd-lazy-load wd-lazy-fade\" alt=\"\" srcset=\"\" sizes=\"(max-width: 2000px) 100vw, 2000px\" data-wood-src=\"https:\/\/kubabayi.com\/wp-content\/uploads\/2024\/05\/xvr250-20240112-155804-1.png\" data-srcset=\"https:\/\/kubabayi.com\/wp-content\/uploads\/2024\/05\/xvr250-20240112-155804-1.png 2000w, https:\/\/kubabayi.com\/wp-content\/uploads\/2024\/05\/xvr250-20240112-155804-1-400x252.png 400w, https:\/\/kubabayi.com\/wp-content\/uploads\/2024\/05\/xvr250-20240112-155804-1-1268x800.png 1268w, https:\/\/kubabayi.com\/wp-content\/uploads\/2024\/05\/xvr250-20240112-155804-1-768x485.png 768w, https:\/\/kubabayi.com\/wp-content\/uploads\/2024\/05\/xvr250-20240112-155804-1-1536x969.png 1536w, https:\/\/kubabayi.com\/wp-content\/uploads\/2024\/05\/xvr250-20240112-155804-1-860x543.png 860w, https:\/\/kubabayi.com\/wp-content\/uploads\/2024\/05\/xvr250-20240112-155804-1-430x271.png 430w, https:\/\/kubabayi.com\/wp-content\/uploads\/2024\/05\/xvr250-20240112-155804-1-700x442.png 700w, https:\/\/kubabayi.com\/wp-content\/uploads\/2024\/05\/xvr250-20240112-155804-1-150x95.png 150w\" \/>\t\t\t\t\t<\/div>\n\n\t\t\t\t\t\t<\/div>\n\t\t\t\t<\/div>\n\t\t\t\t<div class=\"elementor-element elementor-element-e691e6f elementor-widget elementor-widget-wd_text_block\" data-id=\"e691e6f\" data-element_type=\"widget\" data-widget_type=\"wd_text_block.default\">\n\t\t\t\t<div class=\"elementor-widget-container\">\n\t\t\t\t\t\t\t<div class=\"wd-text-block reset-last-child text-left\">\n\t\t\t\n\t\t\t<center>\n<h2 class=\"turntable__background-title\"><a class=\"btn btn--style-a turntable__details-btn--secondary\" style=\"font-size: 16px;\" href=\"https:\/\/drive.google.com\/file\/d\/1HcXInAjIWVCfiYGe-7ruVPCLu6yOAfXy\/view?usp=sharing\" target=\"_blank\" rel=\"noopener\" data-country-market=\"tr-TR\" data-bike-name=\"TK03\" data-bike-genre=\"TK03\">KULLANIM KILAVUZU<\/a><\/h2>\n\t\t\t\t\t<\/div>\n\t\t\t\t\t\t<\/div>\n\t\t\t\t<\/div>\n\t\t\t\t\t<\/div>\n\t\t\t\t<\/div>\n\t\t<div class=\"elementor-element elementor-element-0da11ab e-grid e-con-boxed wd-section-disabled e-con e-parent\" data-id=\"0da11ab\" data-element_type=\"container\">\n\t\t\t\t\t<div class=\"e-con-inner\">\n\t\t\t\t<div class=\"elementor-element elementor-element-2a4446b elementor-widget elementor-widget-wd_text_block\" data-id=\"2a4446b\" data-element_type=\"widget\" data-widget_type=\"wd_text_block.default\">\n\t\t\t\t<div class=\"elementor-widget-container\">\n\t\t\t\t\t\t\t<div class=\"wd-text-block reset-last-child text-left\">\n\t\t\t\n\t\t\t<div class=\"vc_row wpb_row vc_row-fluid vc_row-o-content-middle vc_row-flex\" data-vc-full-width=\"true\" data-vc-full-width-init=\"true\"><div class=\"wpb_column vc_column_container vc_col-sm-12 vc_col-has-fill\"><div class=\"vc_column-inner vc_custom_1659445298240\"><div class=\"wpb_wrapper\"><div class=\"mkdf-section-title-holder mkdf-st-split mkdf-has-appear-animation mkdf-item-appear\"><div class=\"mkdf-st-inner\"><div class=\"vc_row wpb_row vc_row-fluid vc_row-o-content-middle vc_row-flex\" data-vc-full-width=\"true\" data-vc-full-width-init=\"true\"><div class=\"wpb_column vc_column_container vc_col-sm-12 vc_col-has-fill\"><div class=\"vc_column-inner vc_custom_1659445298240\"><div class=\"wpb_wrapper\"><div class=\"mkdf-section-title-holder  mkdf-st-split  mkdf-has-appear-animation mkdf-item-appear\"><div class=\"mkdf-st-inner\"><h2 class=\"mkdf-st-title\"><span class=\"mkdf-sts-title-text\">TEKN\u0130K \u00d6ZELL\u0130KLER<\/span><\/h2><\/div><\/div><div class=\"vc_empty_space\">\u00a0<\/div><\/div><\/div><\/div><\/div><div class=\"vc_row-full-width vc_clearfix\">\u00a0<\/div><div class=\"mkdf-row-grid-section-wrapper \"><div class=\"mkdf-row-grid-section\"><div class=\"vc_row wpb_row vc_row-fluid\"><div class=\"wpb_column vc_column_container vc_col-sm-6\"><div class=\"vc_column-inner\"><div class=\"wpb_wrapper\"><div class=\"mkdf-elements-holder   mkdf-one-column  mkdf-responsive-mode-768 \"><div class=\"mkdf-eh-item    \" data-item-class=\"mkdf-eh-custom-1948\" data-1400-1600=\"10px 50px 10px 250px\" data-1025-1399=\"10px 50px 10px 150px\" data-681-768=\"5px 10px 5px 10px\" data-680=\"5px 5px 5px 5px\"><div class=\"mkdf-eh-item-inner\"><div class=\"mkdf-eh-item-content mkdf-eh-custom-1948\"><div class=\"wpb_text_column wpb_content_element \"><div class=\"wpb_wrapper\"><p><strong>Silindir Hacmi:<\/strong>\u00a0250 cc<\/p><p><strong>Motor Tipi:<\/strong>\u00a04 Zamanl\u0131, Tek Silindir<\/p><p><strong>\u015eanz\u0131man:<\/strong>\u00a05 Vites<\/p><p><strong>Maksimum G\u00fc\u00e7:<\/strong>\u00a016.62 HP @7500rpm<\/p><p><strong>Maksimum Tork:<\/strong>\u00a018.40 Nm @5500rpm<\/p><p><strong>Yak\u0131t Tipi:<\/strong>\u00a0Benzin<\/p><p><strong>So\u011futma Sistemi:<\/strong>\u00a0Hava So\u011futmal\u0131<\/p><p><strong>\u00d6n \/ Arka Fren:<\/strong>\u00a0Disk \/ Disk<\/p><\/div><\/div><\/div><\/div><\/div><\/div><\/div><\/div><\/div><div class=\"wpb_column vc_column_container vc_col-sm-6\"><div class=\"vc_column-inner\"><div class=\"wpb_wrapper\"><div class=\"mkdf-elements-holder   mkdf-one-column  mkdf-responsive-mode-768 \"><div class=\"mkdf-eh-item    \" data-item-class=\"mkdf-eh-custom-4437\" data-1400-1600=\"10px 100px 10px 50px\" data-1025-1399=\"10px 100px 10px 50px\" data-681-768=\"5px 10px 5px 10px\" data-680=\"5px 5px 5px 5px\"><div class=\"mkdf-eh-item-inner\"><div class=\"mkdf-eh-item-content mkdf-eh-custom-4437\"><div class=\"wpb_text_column wpb_content_element \"><div class=\"wpb_wrapper\"><p>\u00a0<\/p><\/div><\/div><\/div><\/div><\/div><\/div><\/div><\/div><\/div><\/div><\/div><\/div><\/div><\/div><\/div><\/div><\/div><\/div>\n\t\t\t\t\t<\/div>\n\t\t\t\t\t\t<\/div>\n\t\t\t\t<\/div>\n\t\t\t\t<div class=\"elementor-element elementor-element-a8852cc elementor-widget elementor-widget-wd_text_block\" data-id=\"a8852cc\" data-element_type=\"widget\" data-widget_type=\"wd_text_block.default\">\n\t\t\t\t<div class=\"elementor-widget-container\">\n\t\t\t\t\t\t\t<div class=\"wd-text-block reset-last-child text-left\">\n\t\t\t\n\t\t\t<div class=\"wpb_column vc_column_container vc_col-sm-6\"><div class=\"vc_column-inner\"><div class=\"wpb_wrapper\"><div class=\"mkdf-elements-holder mkdf-one-column mkdf-responsive-mode-768 \"><div class=\"mkdf-eh-item \" data-item-class=\"mkdf-eh-custom-1948\" data-1400-1600=\"10px 50px 10px 250px\" data-1025-1399=\"10px 50px 10px 150px\" data-681-768=\"5px 10px 5px 10px\" data-680=\"5px 5px 5px 5px\"><div class=\"mkdf-eh-item-inner\"><div class=\"mkdf-eh-item-content mkdf-eh-custom-1948\"><div class=\"wpb_text_column wpb_content_element \"><div class=\"wpb_wrapper\"><div class=\"vc_row wpb_row vc_row-fluid vc_row-o-content-middle vc_row-flex\" data-vc-full-width=\"true\" data-vc-full-width-init=\"true\"><div class=\"wpb_column vc_column_container vc_col-sm-12 vc_col-has-fill\"><div class=\"vc_column-inner vc_custom_1659445298240\"><div class=\"wpb_wrapper\"><div class=\"mkdf-section-title-holder mkdf-st-split mkdf-has-appear-animation mkdf-item-appear\"><div class=\"mkdf-st-inner\"><h2 class=\"mkdf-st-title\"><span class=\"mkdf-sts-title-text\">TEKN\u0130K \u00d6ZELL\u0130KLER<\/span><\/h2><\/div><\/div><div class=\"vc_empty_space\">\u00a0<\/div><\/div><\/div><\/div><\/div><div class=\"vc_row-full-width vc_clearfix\">\u00a0<\/div><p><strong>\u00d6n Lastik:<\/strong>\u00a090\/100-21<\/p><p><strong>Arka Lastik:<\/strong>\u00a0120\/90-19<\/p><p><strong>Uzunluk:<\/strong>\u00a02130 mm.<\/p><p><strong>Geni\u015flik:<\/strong>\u00a0880 mm.<\/p><p><strong>Y\u00fckseklik:<\/strong>\u00a01210 mm.<\/p><p><strong>Dingil Mesafesi:<\/strong>\u00a01400 mm.<\/p><p><strong>Net A\u011f\u0131rl\u0131k:<\/strong>\u00a0139 kg.<\/p><p><strong>Yak\u0131t Tank\u0131:<\/strong>\u00a010 lt.<\/p><\/div><\/div><\/div><\/div><\/div><\/div><\/div><\/div><\/div>\n\t\t\t\t\t<\/div>\n\t\t\t\t\t\t<\/div>\n\t\t\t\t<\/div>\n\t\t\t\t\t<\/div>\n\t\t\t\t<\/div>\n\t\t<div class=\"elementor-element elementor-element-c72ef30 e-flex e-con-boxed wd-section-disabled e-con e-parent\" data-id=\"c72ef30\" data-element_type=\"container\">\n\t\t\t\t\t<div class=\"e-con-inner\">\n\t\t\t\t<div class=\"elementor-element elementor-element-368771c elementor-widget elementor-widget-wd_images_gallery\" data-id=\"368771c\" data-element_type=\"widget\" data-widget_type=\"wd_images_gallery.default\">\n\t\t\t\t<div class=\"elementor-widget-container\">\n\t\t\t\t\t\t\t<div class=\"wd-images-gallery wd-justify-center wd-items-middle view-grid photoswipe-images\" >\n\t\t\t<div class=\"gallery-images row wd-spacing-0\">\n\t\t\t\t\t\t\t\t\t\t\t\t\t\t<div class=\"wd-gallery-item  col-lg-4 col-md-4 col-12\">\n\t\t\t\t\t\t\t\t\t\t\t\t\t<a href=\"https:\/\/kubabayi.com\/wp-content\/uploads\/2024\/05\/xvr250-20240112-153933-2.png\" data-width=\"1024\" data-height=\"1024\" data-index=\"1\" data-elementor-open-lightbox=\"no\">\n\t\t\t\t\t\t\n\t\t\t\t\t\t<img decoding=\"async\" class=\"wd-lazy-load wd-lazy-fade\" src=\"https:\/\/kubabayi.com\/wp-content\/themes\/woodmart\/images\/lazy.png\" data-wood-src=\"https:\/\/kubabayi.com\/wp-content\/uploads\/2024\/05\/xvr250-20240112-153933-2-800x800.png\"alt=\"xvr250-20240112-153933-2\">\n\t\t\t\t\t\t\t\t\t\t\t\t\t<\/a>\n\t\t\t\t\t\t\t\t\t\t\t<\/div>\n\t\t\t\t\t\t\t\t\t\t\t\t\t\t\t<div class=\"wd-gallery-item  col-lg-4 col-md-4 col-12\">\n\t\t\t\t\t\t\t\t\t\t\t\t\t<a href=\"https:\/\/kubabayi.com\/wp-content\/uploads\/2024\/05\/xvr250-20240112-153933-3.png\" data-width=\"1024\" data-height=\"1024\" data-index=\"2\" data-elementor-open-lightbox=\"no\">\n\t\t\t\t\t\t\n\t\t\t\t\t\t<img decoding=\"async\" class=\"wd-lazy-load wd-lazy-fade\" src=\"https:\/\/kubabayi.com\/wp-content\/themes\/woodmart\/images\/lazy.png\" data-wood-src=\"https:\/\/kubabayi.com\/wp-content\/uploads\/2024\/05\/xvr250-20240112-153933-3-800x800.png\"alt=\"xvr250-20240112-153933-3\">\n\t\t\t\t\t\t\t\t\t\t\t\t\t<\/a>\n\t\t\t\t\t\t\t\t\t\t\t<\/div>\n\t\t\t\t\t\t\t\t\t\t\t\t\t\t\t<div class=\"wd-gallery-item  col-lg-4 col-md-4 col-12\">\n\t\t\t\t\t\t\t\t\t\t\t\t\t<a href=\"https:\/\/kubabayi.com\/wp-content\/uploads\/2024\/05\/xvr250-20240112-153932-1.png\" data-width=\"1024\" data-height=\"1024\" data-index=\"3\" data-elementor-open-lightbox=\"no\">\n\t\t\t\t\t\t\n\t\t\t\t\t\t<img decoding=\"async\" class=\"wd-lazy-load wd-lazy-fade\" src=\"https:\/\/kubabayi.com\/wp-content\/themes\/woodmart\/images\/lazy.png\" data-wood-src=\"https:\/\/kubabayi.com\/wp-content\/uploads\/2024\/05\/xvr250-20240112-153932-1-800x800.png\"alt=\"xvr250-20240112-153932-1\">\n\t\t\t\t\t\t\t\t\t\t\t\t\t<\/a>\n\t\t\t\t\t\t\t\t\t\t\t<\/div>\n\t\t\t\t\t\t\t\t<\/div>\n\t\t<\/div>\n\t\t\t\t\t\t<\/div>\n\t\t\t\t<\/div>\n\t\t\t\t\t<\/div>\n\t\t\t\t<\/div>\n\t\t\t\t<\/div>\n\t\t","protected":false},"excerpt":{"rendered":"<p>RKS XVR250, cross tutkunlar\u0131n\u0131n arad\u0131\u011f\u0131 gibi bir tasar\u0131ma sahip olan bir motosiklettir. \u00dcst\u00fcn teknolojiler kullan\u0131larak \u00fcretilen XVR250, zorlu do\u011fa \u015fartlar\u0131na uygun olarak tasarlanm\u0131\u015ft\u0131r. \u0130\u015fte bu heyecan verici motosikletin baz\u0131 \u00f6zellikleri:<\/p>\n","protected":false},"featured_media":16021,"comment_status":"open","ping_status":"closed","template":"","meta":[],"product_brand":[],"product_cat":[76],"product_tag":[153,145,147,148,151,144,149,156,155,154],"class_list":{"0":"post-16012","1":"product","2":"type-product","3":"status-publish","4":"has-post-thumbnail","6":"product_cat-chopper-cross","7":"product_tag-cross-motosiklet-modelleri","8":"product_tag-cross-motosikleti","9":"product_tag-dayanikli-tasarim","10":"product_tag-guvenli-surus","11":"product_tag-motosiklet-performansi","12":"product_tag-off-road-motosiklet","13":"product_tag-teknolojik-ozellikler","14":"product_tag-xvr-200-ozellikleri","15":"product_tag-xvr-250","16":"product_tag-xvr250","18":"first","19":"instock","20":"sale","21":"shipping-taxable","22":"purchasable","23":"product-type-variable"},"_links":{"self":[{"href":"https:\/\/kubabayi.com\/index.php\/wp-json\/wp\/v2\/product\/16012","targetHints":{"allow":["GET"]}}],"collection":[{"href":"https:\/\/kubabayi.com\/index.php\/wp-json\/wp\/v2\/product"}],"about":[{"href":"https:\/\/kubabayi.com\/index.php\/wp-json\/wp\/v2\/types\/product"}],"replies":[{"embeddable":true,"href":"https:\/\/kubabayi.com\/index.php\/wp-json\/wp\/v2\/comments?post=16012"}],"version-history":[{"count":11,"href":"https:\/\/kubabayi.com\/index.php\/wp-json\/wp\/v2\/product\/16012\/revisions"}],"predecessor-version":[{"id":16055,"href":"https:\/\/kubabayi.com\/index.php\/wp-json\/wp\/v2\/product\/16012\/revisions\/16055"}],"wp:featuredmedia":[{"embeddable":true,"href":"https:\/\/kubabayi.com\/index.php\/wp-json\/wp\/v2\/media\/16021"}],"wp:attachment":[{"href":"https:\/\/kubabayi.com\/index.php\/wp-json\/wp\/v2\/media?parent=16012"}],"wp:term":[{"taxonomy":"product_brand","embeddable":true,"href":"https:\/\/kubabayi.com\/index.php\/wp-json\/wp\/v2\/product_brand?post=16012"},{"taxonomy":"product_cat","embeddable":true,"href":"https:\/\/kubabayi.com\/index.php\/wp-json\/wp\/v2\/product_cat?post=16012"},{"taxonomy":"product_tag","embeddable":true,"href":"https:\/\/kubabayi.com\/index.php\/wp-json\/wp\/v2\/product_tag?post=16012"}],"curies":[{"name":"wp","href":"https:\/\/api.w.org\/{rel}","templated":true}]}}